{"id":15053,"date":"2023-12-21T17:05:18","date_gmt":"2023-12-21T16:05:18","guid":{"rendered":"https:\/\/geabarcelona.com\/?page_id=15053"},"modified":"2025-04-01T20:54:47","modified_gmt":"2025-04-01T18:54:47","slug":"enviaments-i-devolucions","status":"publish","type":"page","link":"https:\/\/geabarcelona.com\/ca\/envios-y-devoluciones\/","title":{"rendered":"Enviaments i devolucions"},"content":{"rendered":"<div data-elementor-type=\"wp-page\" data-elementor-id=\"15053\" class=\"elementor elementor-15053\" data-elementor-post-type=\"page\">\n\t\t\t\t\t\t<section class=\"elementor-section elementor-top-section elementor-element elementor-element-0540ce8 elementor-section-height-min-height elementor-section-boxed elementor-section-height-default elementor-section-items-middle\" data-id=\"0540ce8\" data-element_type=\"section\" data-e-type=\"section\" data-settings=\"{&quot;background_background&quot;:&quot;classic&quot;}\">\n\t\t\t\t\t\t<div class=\"elementor-container elementor-column-gap-no\">\n\t\t\t\t\t<div class=\"elementor-column elementor-col-100 elementor-top-column elementor-element elementor-element-9426af3\" data-id=\"9426af3\" data-element_type=\"column\" data-e-type=\"column\" data-settings=\"{&quot;background_background&quot;:&quot;classic&quot;}\">\n\t\t\t<div class=\"elementor-widget-wrap elementor-element-populated\">\n\t\t\t\t\t<div class=\"elementor-background-overlay\"><\/div>\n\t\t\t\t\t\t<div class=\"elementor-element elementor-element-5f41ca8 elementor-widget elementor-widget-heading\" data-id=\"5f41ca8\" data-element_type=\"widget\" data-e-type=\"widget\" data-widget_type=\"heading.default\">\n\t\t\t\t<div class=\"elementor-widget-container\">\n\t\t\t\t\t<h2 class=\"elementor-heading-title elementor-size-default\">Enviaments i devolucions<\/h2>\t\t\t\t<\/div>\n\t\t\t\t<\/div>\n\t\t\t\t<div class=\"elementor-element elementor-element-25f29c7 elementor-widget-divider--view-line elementor-widget elementor-widget-divider\" data-id=\"25f29c7\" data-element_type=\"widget\" data-e-type=\"widget\" data-widget_type=\"divider.default\">\n\t\t\t\t<div class=\"elementor-widget-container\">\n\t\t\t\t\t\t\t<div class=\"elementor-divider\">\n\t\t\t<span class=\"elementor-divider-separator\">\n\t\t\t\t\t\t<\/span>\n\t\t<\/div>\n\t\t\t\t\t\t<\/div>\n\t\t\t\t<\/div>\n\t\t\t\t<div class=\"elementor-element elementor-element-d641e05 elementor-widget elementor-widget-text-editor\" data-id=\"d641e05\" data-element_type=\"widget\" data-e-type=\"widget\" data-widget_type=\"text-editor.default\">\n\t\t\t\t<div class=\"elementor-widget-container\">\n\t\t\t\t\t\t\t\t\t<p>A <strong>GEA Barcelona<\/strong>, fem servir serveis de transport per enviar la mercaderia directament a la seva adre\u00e7a. Un cop rebi el paquet a casa, disposa de 24 hores per notificar-nos sobre qualsevol trencament o un altre problema que pugui sorgir.<\/p><p><br \/>El temps estimat per al lliurament sol ser de <strong>4 a 5 dies<\/strong>, encara que podeu variar segons la ubicaci\u00f3 del destinatari. En cas de circumst\u00e0ncies imprevistes i fora del nostre control, com accidents, mal clima o vagues, <strong>GEA BARCELONA<\/strong> no assumeix responsabilitat per possibles retards al lliurament.<\/p><p><br \/>Abans de finalitzar la vostra comanda i procedir al pagament, us informarem sobre el cost de l&#039;enviament.<\/p><p>\u00a0<\/p><p>\u2013 ES PROCEDIR\u00c1 A L&#039;ENVIAMENT DESPR\u00c9S DEL PAGAMENT.<\/p><p><br \/><strong>L&#039;enviament ser\u00e0 gratu\u00eft si la vostra comanda compleix alguna d&#039;aquestes condicions:<\/strong><\/p><ul><li>Recollir-lo al nostre Show Room oa un dels nostres magatzems.<\/li><li>Designar una ag\u00e8ncia de transport per retirar la comanda de les nostres instal\u00b7lacions.<\/li><li>Per a la Pen\u00ednsula i les Balears en comandes superiors a 1000\u20ac (import net).<\/li><li>Per a Can\u00e0ries en comandes superiors a 1200 \u20ac (import net).<\/li><li>A Fran\u00e7a i It\u00e0lia en comandes superiors a 1500\u20ac.<\/li><li>Per a consultes sobre promocions a la zona de la UE i resta del m\u00f3n.<\/li><\/ul><p>\u00a0<\/p><p><strong>*No obstant, els ports mai seran gratu\u00efts per a l\u00e0mpades de sal, geodes del Marroc, selenita i productes en oferta.<\/strong><\/p>\t\t\t\t\t\t\t\t<\/div>\n\t\t\t\t<\/div>\n\t\t\t\t\t<\/div>\n\t\t<\/div>\n\t\t\t\t\t<\/div>\n\t\t<\/section>\n\t\t\t\t<\/div>","protected":false},"excerpt":{"rendered":"<p>Env\u00edos y devoluciones En GEA Barcelona, usamos servicios de transporte para enviar la mercanc\u00eda directamente a su direcci\u00f3n. Una vez que reciba el paquete en su hogar, dispone de 24 horas para notificarnos sobre cualquier rotura u otro problema que pueda surgir. El tiempo estimado para la entrega suele ser de 4 a 5 d\u00edas, [&hellip;]<\/p>\n","protected":false},"author":1,"featured_media":0,"parent":0,"menu_order":0,"comment_status":"closed","ping_status":"closed","template":"","meta":{"footnotes":""},"class_list":["post-15053","page","type-page","status-publish","hentry"],"_links":{"self":[{"href":"https:\/\/geabarcelona.com\/ca\/wp-json\/wp\/v2\/pages\/15053","targetHints":{"allow":["GET"]}}],"collection":[{"href":"https:\/\/geabarcelona.com\/ca\/wp-json\/wp\/v2\/pages"}],"about":[{"href":"https:\/\/geabarcelona.com\/ca\/wp-json\/wp\/v2\/types\/page"}],"author":[{"embeddable":true,"href":"https:\/\/geabarcelona.com\/ca\/wp-json\/wp\/v2\/users\/1"}],"replies":[{"embeddable":true,"href":"https:\/\/geabarcelona.com\/ca\/wp-json\/wp\/v2\/comments?post=15053"}],"version-history":[{"count":1,"href":"https:\/\/geabarcelona.com\/ca\/wp-json\/wp\/v2\/pages\/15053\/revisions"}],"predecessor-version":[{"id":17542,"href":"https:\/\/geabarcelona.com\/ca\/wp-json\/wp\/v2\/pages\/15053\/revisions\/17542"}],"wp:attachment":[{"href":"https:\/\/geabarcelona.com\/ca\/wp-json\/wp\/v2\/media?parent=15053"}],"curies":[{"name":"wp","href":"https:\/\/api.w.org\/{rel}","templated":true}]}}