{"id":14232,"date":"2023-12-19T16:36:21","date_gmt":"2023-12-19T15:36:21","guid":{"rendered":"https:\/\/geabarcelona.com\/producto\/dientes-pequenos\/"},"modified":"2025-06-25T16:48:03","modified_gmt":"2025-06-25T14:48:03","slug":"dientes-pequenos","status":"publish","type":"product","link":"https:\/\/geabarcelona.com\/ca\/producte\/dientes-pequenos\/","title":{"rendered":"DIENTES PEQUE\u00d1OS"},"content":{"rendered":"<p>Reliquias prehist\u00f3ricas. Dientes fosilizados del antiguo tibur\u00f3n Otodus, que vivi\u00f3 hace millones de a\u00f1os. Piezas \u00fanicas para coleccionistas y amantes de la paleontolog\u00eda, con una historia fascinante del pasado marino.<br \/>\nventa por kg.<\/p>","protected":false},"excerpt":{"rendered":"<p>Dientes peque\u00f1os \/ 1-2-3cm aprox<\/p>","protected":false},"featured_media":18521,"template":"","meta":[],"product_brand":[],"product_cat":[125],"product_tag":[180],"class_list":{"0":"post-14232","1":"product","2":"type-product","3":"status-publish","4":"has-post-thumbnail","6":"product_cat-fosiles","7":"product_tag-marino","9":"first","10":"instock","11":"taxable","12":"shipping-taxable","13":"purchasable","14":"product-type-simple"},"_links":{"self":[{"href":"https:\/\/geabarcelona.com\/ca\/wp-json\/wp\/v2\/product\/14232","targetHints":{"allow":["GET"]}}],"collection":[{"href":"https:\/\/geabarcelona.com\/ca\/wp-json\/wp\/v2\/product"}],"about":[{"href":"https:\/\/geabarcelona.com\/ca\/wp-json\/wp\/v2\/types\/product"}],"version-history":[{"count":1,"href":"https:\/\/geabarcelona.com\/ca\/wp-json\/wp\/v2\/product\/14232\/revisions"}],"predecessor-version":[{"id":18278,"href":"https:\/\/geabarcelona.com\/ca\/wp-json\/wp\/v2\/product\/14232\/revisions\/18278"}],"wp:featuredmedia":[{"embeddable":true,"href":"https:\/\/geabarcelona.com\/ca\/wp-json\/wp\/v2\/media\/18521"}],"wp:attachment":[{"href":"https:\/\/geabarcelona.com\/ca\/wp-json\/wp\/v2\/media?parent=14232"}],"wp:term":[{"taxonomy":"product_brand","embeddable":true,"href":"https:\/\/geabarcelona.com\/ca\/wp-json\/wp\/v2\/product_brand?post=14232"},{"taxonomy":"product_cat","embeddable":true,"href":"https:\/\/geabarcelona.com\/ca\/wp-json\/wp\/v2\/product_cat?post=14232"},{"taxonomy":"product_tag","embeddable":true,"href":"https:\/\/geabarcelona.com\/ca\/wp-json\/wp\/v2\/product_tag?post=14232"}],"curies":[{"name":"wp","href":"https:\/\/api.w.org\/{rel}","templated":true}]}}