{"id":14242,"date":"2023-12-19T16:36:23","date_gmt":"2023-12-19T15:36:23","guid":{"rendered":"https:\/\/geabarcelona.com\/producto\/trilobites\/"},"modified":"2025-06-19T08:43:57","modified_gmt":"2025-06-19T06:43:57","slug":"trilobites","status":"publish","type":"product","link":"https:\/\/geabarcelona.com\/ca\/producte\/trilobites\/","title":{"rendered":"TRILOBITES"},"content":{"rendered":"<p>F\u00f3siles marinos prehist\u00f3ricos<br \/>\nRestos fosilizados de artr\u00f3podos marinos que habitaron hace m\u00e1s de 250 millones de a\u00f1os. Ideales para coleccionistas y amantes de la paleontolog\u00eda, son piezas \u00fanicas que muestran la historia antigua de la vida en la Tierra.<\/p>\n<p>venta por unidad<\/p>","protected":false},"excerpt":{"rendered":"<p>Trilobites \/ <\/p>","protected":false},"featured_media":13695,"template":"","meta":[],"product_brand":[],"product_cat":[125],"product_tag":[180],"class_list":{"0":"post-14242","1":"product","2":"type-product","3":"status-publish","4":"has-post-thumbnail","6":"product_cat-fosiles","7":"product_tag-marino","9":"first","10":"instock","11":"taxable","12":"shipping-taxable","13":"purchasable","14":"product-type-simple"},"_links":{"self":[{"href":"https:\/\/geabarcelona.com\/ca\/wp-json\/wp\/v2\/product\/14242","targetHints":{"allow":["GET"]}}],"collection":[{"href":"https:\/\/geabarcelona.com\/ca\/wp-json\/wp\/v2\/product"}],"about":[{"href":"https:\/\/geabarcelona.com\/ca\/wp-json\/wp\/v2\/types\/product"}],"version-history":[{"count":2,"href":"https:\/\/geabarcelona.com\/ca\/wp-json\/wp\/v2\/product\/14242\/revisions"}],"predecessor-version":[{"id":18322,"href":"https:\/\/geabarcelona.com\/ca\/wp-json\/wp\/v2\/product\/14242\/revisions\/18322"}],"wp:featuredmedia":[{"embeddable":true,"href":"https:\/\/geabarcelona.com\/ca\/wp-json\/wp\/v2\/media\/13695"}],"wp:attachment":[{"href":"https:\/\/geabarcelona.com\/ca\/wp-json\/wp\/v2\/media?parent=14242"}],"wp:term":[{"taxonomy":"product_brand","embeddable":true,"href":"https:\/\/geabarcelona.com\/ca\/wp-json\/wp\/v2\/product_brand?post=14242"},{"taxonomy":"product_cat","embeddable":true,"href":"https:\/\/geabarcelona.com\/ca\/wp-json\/wp\/v2\/product_cat?post=14242"},{"taxonomy":"product_tag","embeddable":true,"href":"https:\/\/geabarcelona.com\/ca\/wp-json\/wp\/v2\/product_tag?post=14242"}],"curies":[{"name":"wp","href":"https:\/\/api.w.org\/{rel}","templated":true}]}}