{"id":14248,"date":"2023-12-19T16:44:17","date_gmt":"2023-12-19T15:44:17","guid":{"rendered":"https:\/\/geabarcelona.com\/producto\/celestina-calidad-aaa\/"},"modified":"2025-12-11T11:39:44","modified_gmt":"2025-12-11T10:39:44","slug":"celestina-calidad-aaa","status":"publish","type":"product","link":"https:\/\/geabarcelona.com\/ca\/producte\/celestina-calidad-aaa\/","title":{"rendered":"CELESTINA CALIDAD AAA"},"content":{"rendered":"<p>La celestina, o celestita, es un mineral conocido por su caracter\u00edstico color azul, aunque tambi\u00e9n puede presentarse en tonos blancos, grises o rosados. Su nombre proviene del lat\u00edn caelestis, que significa \u201ccelestial\u201d.<br \/>\nventa por kg.<\/p>","protected":false},"excerpt":{"rendered":"<p>Celestina calidad AAA \/ 10-20cm<\/p>","protected":false},"featured_media":18518,"template":"","meta":[],"product_brand":[],"product_cat":[153],"product_tag":[314],"class_list":{"0":"post-14248","1":"product","2":"type-product","3":"status-publish","4":"has-post-thumbnail","6":"product_cat-catalogo","7":"product_tag-celestina","9":"first","10":"instock","11":"taxable","12":"shipping-taxable","13":"purchasable","14":"product-type-simple"},"_links":{"self":[{"href":"https:\/\/geabarcelona.com\/ca\/wp-json\/wp\/v2\/product\/14248","targetHints":{"allow":["GET"]}}],"collection":[{"href":"https:\/\/geabarcelona.com\/ca\/wp-json\/wp\/v2\/product"}],"about":[{"href":"https:\/\/geabarcelona.com\/ca\/wp-json\/wp\/v2\/types\/product"}],"version-history":[{"count":2,"href":"https:\/\/geabarcelona.com\/ca\/wp-json\/wp\/v2\/product\/14248\/revisions"}],"predecessor-version":[{"id":18218,"href":"https:\/\/geabarcelona.com\/ca\/wp-json\/wp\/v2\/product\/14248\/revisions\/18218"}],"wp:featuredmedia":[{"embeddable":true,"href":"https:\/\/geabarcelona.com\/ca\/wp-json\/wp\/v2\/media\/18518"}],"wp:attachment":[{"href":"https:\/\/geabarcelona.com\/ca\/wp-json\/wp\/v2\/media?parent=14248"}],"wp:term":[{"taxonomy":"product_brand","embeddable":true,"href":"https:\/\/geabarcelona.com\/ca\/wp-json\/wp\/v2\/product_brand?post=14248"},{"taxonomy":"product_cat","embeddable":true,"href":"https:\/\/geabarcelona.com\/ca\/wp-json\/wp\/v2\/product_cat?post=14248"},{"taxonomy":"product_tag","embeddable":true,"href":"https:\/\/geabarcelona.com\/ca\/wp-json\/wp\/v2\/product_tag?post=14248"}],"curies":[{"name":"wp","href":"https:\/\/api.w.org\/{rel}","templated":true}]}}