{"id":14255,"date":"2023-12-19T16:44:18","date_gmt":"2023-12-19T15:44:18","guid":{"rendered":"https:\/\/geabarcelona.com\/producto\/cuarzo-ahumado-drusas\/"},"modified":"2025-06-19T08:43:50","modified_gmt":"2025-06-19T06:43:50","slug":"cuarzo-ahumado-drusas","status":"publish","type":"product","link":"https:\/\/geabarcelona.com\/ca\/producte\/cuarzo-ahumado-drusas\/","title":{"rendered":"CUARZO AHUMADO DRUSAS"},"content":{"rendered":"<p>Reconocido por sus propiedades energ\u00e9ticas positivas, el citrino es valorado por su capacidad para atraer prosperidad, abundancia y \u00e9xito. Adem\u00e1s, se le atribuye la facultad de potenciar la vitalidad, creatividad y autoestima, al mismo tiempo que se cree que alivia la depresi\u00f3n y fomenta una actitud optimista.<br \/>\nventa por kg.<\/p>","protected":false},"excerpt":{"rendered":"<p>Drusas de cuarzo ahumado \/ 20-50cm<\/p>","protected":false},"featured_media":0,"template":"","meta":[],"product_brand":[],"product_cat":[153],"product_tag":[224],"class_list":{"0":"post-14255","1":"product","2":"type-product","3":"status-publish","5":"product_cat-catalogo","6":"product_tag-citrino","8":"first","9":"outofstock","10":"taxable","11":"shipping-taxable","12":"product-type-simple"},"_links":{"self":[{"href":"https:\/\/geabarcelona.com\/ca\/wp-json\/wp\/v2\/product\/14255","targetHints":{"allow":["GET"]}}],"collection":[{"href":"https:\/\/geabarcelona.com\/ca\/wp-json\/wp\/v2\/product"}],"about":[{"href":"https:\/\/geabarcelona.com\/ca\/wp-json\/wp\/v2\/types\/product"}],"version-history":[{"count":2,"href":"https:\/\/geabarcelona.com\/ca\/wp-json\/wp\/v2\/product\/14255\/revisions"}],"predecessor-version":[{"id":18221,"href":"https:\/\/geabarcelona.com\/ca\/wp-json\/wp\/v2\/product\/14255\/revisions\/18221"}],"wp:attachment":[{"href":"https:\/\/geabarcelona.com\/ca\/wp-json\/wp\/v2\/media?parent=14255"}],"wp:term":[{"taxonomy":"product_brand","embeddable":true,"href":"https:\/\/geabarcelona.com\/ca\/wp-json\/wp\/v2\/product_brand?post=14255"},{"taxonomy":"product_cat","embeddable":true,"href":"https:\/\/geabarcelona.com\/ca\/wp-json\/wp\/v2\/product_cat?post=14255"},{"taxonomy":"product_tag","embeddable":true,"href":"https:\/\/geabarcelona.com\/ca\/wp-json\/wp\/v2\/product_tag?post=14255"}],"curies":[{"name":"wp","href":"https:\/\/api.w.org\/{rel}","templated":true}]}}