{"id":14275,"date":"2023-12-19T16:44:22","date_gmt":"2023-12-19T15:44:22","guid":{"rendered":"https:\/\/geabarcelona.com\/producto\/agata-chapa-grande-con-base-metal\/"},"modified":"2025-06-19T08:43:44","modified_gmt":"2025-06-19T06:43:44","slug":"agata-chapa-grande-con-base-metal","status":"publish","type":"product","link":"https:\/\/geabarcelona.com\/ca\/producte\/agata-chapa-grande-con-base-metal\/","title":{"rendered":"AGATA CHAPA GRANDE CON BASE METAL"},"content":{"rendered":"<p>Chapa de agata montada sobre una base de metal resistente que realza su textura cruda y aut\u00e9ntica. Ideal para decoraci\u00f3n, protecci\u00f3n energ\u00e9tica y espacios con estilo r\u00fastico y moderno.<\/p>","protected":false},"excerpt":{"rendered":"<p>Chapa grande de agata con base met\u00e1lica<\/p>","protected":false},"featured_media":0,"template":"","meta":[],"product_brand":[],"product_cat":[148],"product_tag":[176],"class_list":{"0":"post-14275","1":"product","2":"type-product","3":"status-publish","5":"product_cat-pulido-formas","6":"product_tag-agata","8":"first","9":"outofstock","10":"sale","11":"taxable","12":"shipping-taxable","13":"purchasable","14":"product-type-simple"},"_links":{"self":[{"href":"https:\/\/geabarcelona.com\/ca\/wp-json\/wp\/v2\/product\/14275","targetHints":{"allow":["GET"]}}],"collection":[{"href":"https:\/\/geabarcelona.com\/ca\/wp-json\/wp\/v2\/product"}],"about":[{"href":"https:\/\/geabarcelona.com\/ca\/wp-json\/wp\/v2\/types\/product"}],"version-history":[{"count":2,"href":"https:\/\/geabarcelona.com\/ca\/wp-json\/wp\/v2\/product\/14275\/revisions"}],"predecessor-version":[{"id":18132,"href":"https:\/\/geabarcelona.com\/ca\/wp-json\/wp\/v2\/product\/14275\/revisions\/18132"}],"wp:attachment":[{"href":"https:\/\/geabarcelona.com\/ca\/wp-json\/wp\/v2\/media?parent=14275"}],"wp:term":[{"taxonomy":"product_brand","embeddable":true,"href":"https:\/\/geabarcelona.com\/ca\/wp-json\/wp\/v2\/product_brand?post=14275"},{"taxonomy":"product_cat","embeddable":true,"href":"https:\/\/geabarcelona.com\/ca\/wp-json\/wp\/v2\/product_cat?post=14275"},{"taxonomy":"product_tag","embeddable":true,"href":"https:\/\/geabarcelona.com\/ca\/wp-json\/wp\/v2\/product_tag?post=14275"}],"curies":[{"name":"wp","href":"https:\/\/api.w.org\/{rel}","templated":true}]}}