{"id":14293,"date":"2023-12-19T16:44:25","date_gmt":"2023-12-19T15:44:25","guid":{"rendered":"https:\/\/geabarcelona.com\/producto\/corazones-varios-minerales-unidad\/"},"modified":"2025-12-10T18:17:18","modified_gmt":"2025-12-10T17:17:18","slug":"corazones-varios-minerales-unidad","status":"publish","type":"product","link":"https:\/\/geabarcelona.com\/ca\/producte\/corazones-varios-minerales-unidad\/","title":{"rendered":"CORAZONES VARIOS MINERALES (UNIDAD)"},"content":{"rendered":"<p>Corazones de piedras naturales pulidas (amatista, ojo de tigre, lapisl\u00e1zuli y cuarzo rosa), ideales para decoraci\u00f3n o terapias energ\u00e9ticas  \u00ab<\/p>","protected":false},"excerpt":{"rendered":"<p>Corazones de varios minerales (unidad).<\/p>","protected":false},"featured_media":17879,"template":"","meta":[],"product_brand":[],"product_cat":[148,147],"product_tag":[334],"class_list":{"0":"post-14293","1":"product","2":"type-product","3":"status-publish","4":"has-post-thumbnail","6":"product_cat-pulido-formas","7":"product_cat-terapias-hogar","8":"product_tag-formas","10":"first","11":"instock","12":"taxable","13":"shipping-taxable","14":"purchasable","15":"product-type-simple"},"_links":{"self":[{"href":"https:\/\/geabarcelona.com\/ca\/wp-json\/wp\/v2\/product\/14293","targetHints":{"allow":["GET"]}}],"collection":[{"href":"https:\/\/geabarcelona.com\/ca\/wp-json\/wp\/v2\/product"}],"about":[{"href":"https:\/\/geabarcelona.com\/ca\/wp-json\/wp\/v2\/types\/product"}],"version-history":[{"count":2,"href":"https:\/\/geabarcelona.com\/ca\/wp-json\/wp\/v2\/product\/14293\/revisions"}],"predecessor-version":[{"id":19025,"href":"https:\/\/geabarcelona.com\/ca\/wp-json\/wp\/v2\/product\/14293\/revisions\/19025"}],"wp:featuredmedia":[{"embeddable":true,"href":"https:\/\/geabarcelona.com\/ca\/wp-json\/wp\/v2\/media\/17879"}],"wp:attachment":[{"href":"https:\/\/geabarcelona.com\/ca\/wp-json\/wp\/v2\/media?parent=14293"}],"wp:term":[{"taxonomy":"product_brand","embeddable":true,"href":"https:\/\/geabarcelona.com\/ca\/wp-json\/wp\/v2\/product_brand?post=14293"},{"taxonomy":"product_cat","embeddable":true,"href":"https:\/\/geabarcelona.com\/ca\/wp-json\/wp\/v2\/product_cat?post=14293"},{"taxonomy":"product_tag","embeddable":true,"href":"https:\/\/geabarcelona.com\/ca\/wp-json\/wp\/v2\/product_tag?post=14293"}],"curies":[{"name":"wp","href":"https:\/\/api.w.org\/{rel}","templated":true}]}}