{"id":14295,"date":"2023-12-19T16:44:25","date_gmt":"2023-12-19T15:44:25","guid":{"rendered":"https:\/\/geabarcelona.com\/producto\/cuarzo-chapa-base-metal\/"},"modified":"2025-06-19T08:43:53","modified_gmt":"2025-06-19T06:43:53","slug":"cuarzo-chapa-base-metal","status":"publish","type":"product","link":"https:\/\/geabarcelona.com\/ca\/producto\/cuarzo-chapa-base-metal\/","title":{"rendered":"CUARZO CHAPA BASE METAL"},"content":{"rendered":"<p>Pieza natural de aventurina en estado bruto, montada sobre una base de metal resistente que realza su textura cruda y aut\u00e9ntica. Ideal para decoraci\u00f3n, protecci\u00f3n energ\u00e9tica y espacios.<br \/>\nventa por kg.<\/p>","protected":false},"excerpt":{"rendered":"<p>Chapa de cuarzo con base met\u00e1lica \/ 15-20cm<\/p>","protected":false},"featured_media":0,"template":"","meta":[],"product_brand":[],"product_cat":[148],"product_tag":[211],"class_list":{"0":"post-14295","1":"product","2":"type-product","3":"status-publish","5":"product_cat-pulido-formas","6":"product_tag-decoracion","8":"first","9":"outofstock","10":"taxable","11":"shipping-taxable","12":"purchasable","13":"product-type-simple"},"_links":{"self":[{"href":"https:\/\/geabarcelona.com\/ca\/wp-json\/wp\/v2\/product\/14295","targetHints":{"allow":["GET"]}}],"collection":[{"href":"https:\/\/geabarcelona.com\/ca\/wp-json\/wp\/v2\/product"}],"about":[{"href":"https:\/\/geabarcelona.com\/ca\/wp-json\/wp\/v2\/types\/product"}],"version-history":[{"count":2,"href":"https:\/\/geabarcelona.com\/ca\/wp-json\/wp\/v2\/product\/14295\/revisions"}],"predecessor-version":[{"id":18267,"href":"https:\/\/geabarcelona.com\/ca\/wp-json\/wp\/v2\/product\/14295\/revisions\/18267"}],"wp:attachment":[{"href":"https:\/\/geabarcelona.com\/ca\/wp-json\/wp\/v2\/media?parent=14295"}],"wp:term":[{"taxonomy":"product_brand","embeddable":true,"href":"https:\/\/geabarcelona.com\/ca\/wp-json\/wp\/v2\/product_brand?post=14295"},{"taxonomy":"product_cat","embeddable":true,"href":"https:\/\/geabarcelona.com\/ca\/wp-json\/wp\/v2\/product_cat?post=14295"},{"taxonomy":"product_tag","embeddable":true,"href":"https:\/\/geabarcelona.com\/ca\/wp-json\/wp\/v2\/product_tag?post=14295"}],"curies":[{"name":"wp","href":"https:\/\/api.w.org\/{rel}","templated":true}]}}