{"id":14300,"date":"2023-12-19T16:44:26","date_gmt":"2023-12-19T15:44:26","guid":{"rendered":"https:\/\/geabarcelona.com\/producto\/cuarzo-rosa-rodado\/"},"modified":"2025-12-10T18:23:28","modified_gmt":"2025-12-10T17:23:28","slug":"cuarzo-rosa-rodado","status":"publish","type":"product","link":"https:\/\/geabarcelona.com\/ca\/producto\/cuarzo-rosa-rodado\/","title":{"rendered":"CUARZO ROSA GEA RODADO"},"content":{"rendered":"<p>Rodado de cuarzo rosa, con su caracter\u00edstico tono rosado suave y acabado brillante. Este mineral se asociacia con el amor y la armon\u00eda, son ideales para decoraci\u00f3n, colecci\u00f3n o pr\u00e1cticas energ\u00e9ticas enfocadas en la calma emocional. venta por kg.\u00bb<\/p>","protected":false},"excerpt":{"rendered":"<p>Cuarzo rosa GEA natural en forma de piedra rodada, con tama\u00f1o entre 2-3cm.<\/p>","protected":false},"featured_media":17999,"template":"","meta":[],"product_brand":[],"product_cat":[148,150,147],"product_tag":[179],"class_list":{"0":"post-14300","1":"product","2":"type-product","3":"status-publish","4":"has-post-thumbnail","6":"product_cat-pulido-formas","7":"product_cat-rodados","8":"product_cat-terapias-hogar","9":"product_tag-cuarzo-rosa","11":"first","12":"instock","13":"taxable","14":"shipping-taxable","15":"purchasable","16":"product-type-simple"},"_links":{"self":[{"href":"https:\/\/geabarcelona.com\/ca\/wp-json\/wp\/v2\/product\/14300","targetHints":{"allow":["GET"]}}],"collection":[{"href":"https:\/\/geabarcelona.com\/ca\/wp-json\/wp\/v2\/product"}],"about":[{"href":"https:\/\/geabarcelona.com\/ca\/wp-json\/wp\/v2\/types\/product"}],"version-history":[{"count":2,"href":"https:\/\/geabarcelona.com\/ca\/wp-json\/wp\/v2\/product\/14300\/revisions"}],"predecessor-version":[{"id":19028,"href":"https:\/\/geabarcelona.com\/ca\/wp-json\/wp\/v2\/product\/14300\/revisions\/19028"}],"wp:featuredmedia":[{"embeddable":true,"href":"https:\/\/geabarcelona.com\/ca\/wp-json\/wp\/v2\/media\/17999"}],"wp:attachment":[{"href":"https:\/\/geabarcelona.com\/ca\/wp-json\/wp\/v2\/media?parent=14300"}],"wp:term":[{"taxonomy":"product_brand","embeddable":true,"href":"https:\/\/geabarcelona.com\/ca\/wp-json\/wp\/v2\/product_brand?post=14300"},{"taxonomy":"product_cat","embeddable":true,"href":"https:\/\/geabarcelona.com\/ca\/wp-json\/wp\/v2\/product_cat?post=14300"},{"taxonomy":"product_tag","embeddable":true,"href":"https:\/\/geabarcelona.com\/ca\/wp-json\/wp\/v2\/product_tag?post=14300"}],"curies":[{"name":"wp","href":"https:\/\/api.w.org\/{rel}","templated":true}]}}