{"id":14302,"date":"2023-12-19T16:44:27","date_gmt":"2023-12-19T15:44:27","guid":{"rendered":"https:\/\/geabarcelona.com\/producto\/huevos-calcita-azul-40-60mm\/"},"modified":"2025-06-19T08:43:51","modified_gmt":"2025-06-19T06:43:51","slug":"huevos-calcita-azul-40-60mm","status":"publish","type":"product","link":"https:\/\/geabarcelona.com\/ca\/producte\/huevos-calcita-azul-40-60mm\/","title":{"rendered":"HUEVOS CALCITA AZUL (40-60MM)"},"content":{"rendered":"<p>Calcita azul pulida en forma de huevo, con un tama\u00f1o entre 40 y 60 mm. Presentan tonos suaves y calmantes que var\u00edan en intensidad, ideales para decoraci\u00f3n, colecciones o terapias energ\u00e9ticas.<br \/>\nventa por kg.<\/p>","protected":false},"excerpt":{"rendered":"<p>Huevos calcita azul \/ 7-10cm<\/p>","protected":false},"featured_media":13482,"template":"","meta":[],"product_brand":[],"product_cat":[148],"product_tag":[211],"class_list":{"0":"post-14302","1":"product","2":"type-product","3":"status-publish","4":"has-post-thumbnail","6":"product_cat-pulido-formas","7":"product_tag-decoracion","9":"first","10":"instock","11":"taxable","12":"shipping-taxable","13":"purchasable","14":"product-type-simple"},"_links":{"self":[{"href":"https:\/\/geabarcelona.com\/ca\/wp-json\/wp\/v2\/product\/14302","targetHints":{"allow":["GET"]}}],"collection":[{"href":"https:\/\/geabarcelona.com\/ca\/wp-json\/wp\/v2\/product"}],"about":[{"href":"https:\/\/geabarcelona.com\/ca\/wp-json\/wp\/v2\/types\/product"}],"version-history":[{"count":2,"href":"https:\/\/geabarcelona.com\/ca\/wp-json\/wp\/v2\/product\/14302\/revisions"}],"predecessor-version":[{"id":18226,"href":"https:\/\/geabarcelona.com\/ca\/wp-json\/wp\/v2\/product\/14302\/revisions\/18226"}],"wp:featuredmedia":[{"embeddable":true,"href":"https:\/\/geabarcelona.com\/ca\/wp-json\/wp\/v2\/media\/13482"}],"wp:attachment":[{"href":"https:\/\/geabarcelona.com\/ca\/wp-json\/wp\/v2\/media?parent=14302"}],"wp:term":[{"taxonomy":"product_brand","embeddable":true,"href":"https:\/\/geabarcelona.com\/ca\/wp-json\/wp\/v2\/product_brand?post=14302"},{"taxonomy":"product_cat","embeddable":true,"href":"https:\/\/geabarcelona.com\/ca\/wp-json\/wp\/v2\/product_cat?post=14302"},{"taxonomy":"product_tag","embeddable":true,"href":"https:\/\/geabarcelona.com\/ca\/wp-json\/wp\/v2\/product_tag?post=14302"}],"curies":[{"name":"wp","href":"https:\/\/api.w.org\/{rel}","templated":true}]}}