{"id":14316,"date":"2023-12-19T16:44:29","date_gmt":"2023-12-19T15:44:29","guid":{"rendered":"https:\/\/geabarcelona.com\/producto\/mangano-calcita-esferas\/"},"modified":"2025-11-20T08:37:22","modified_gmt":"2025-11-20T07:37:22","slug":"mangano-calcita-esferas","status":"publish","type":"product","link":"https:\/\/geabarcelona.com\/ca\/producte\/mangano-calcita-esferas\/","title":{"rendered":"MANGANO CALCITA ESFERAS"},"content":{"rendered":"<p>Esferas pulidas de calcita con manganeso, de color rosa suave y acabado sedoso. Apreciadas por su apariencia delicada y su energ\u00eda reconfortante. Ideales para decoraci\u00f3n, colecci\u00f3n o pr\u00e1cticas energ\u00e9ticas centradas en la calma y el amor propio.<br \/>\nventa por kg.<\/p>","protected":false},"excerpt":{"rendered":"<p>Mangano calcita esferas \/ 8-10cm<\/p>","protected":false},"featured_media":13476,"template":"","meta":[],"product_brand":[],"product_cat":[148],"product_tag":[337],"class_list":{"0":"post-14316","1":"product","2":"type-product","3":"status-publish","4":"has-post-thumbnail","6":"product_cat-pulido-formas","7":"product_tag-mangano-calcita","9":"first","10":"outofstock","11":"taxable","12":"shipping-taxable","13":"purchasable","14":"product-type-simple"},"_links":{"self":[{"href":"https:\/\/geabarcelona.com\/ca\/wp-json\/wp\/v2\/product\/14316","targetHints":{"allow":["GET"]}}],"collection":[{"href":"https:\/\/geabarcelona.com\/ca\/wp-json\/wp\/v2\/product"}],"about":[{"href":"https:\/\/geabarcelona.com\/ca\/wp-json\/wp\/v2\/types\/product"}],"version-history":[{"count":2,"href":"https:\/\/geabarcelona.com\/ca\/wp-json\/wp\/v2\/product\/14316\/revisions"}],"predecessor-version":[{"id":18240,"href":"https:\/\/geabarcelona.com\/ca\/wp-json\/wp\/v2\/product\/14316\/revisions\/18240"}],"wp:featuredmedia":[{"embeddable":true,"href":"https:\/\/geabarcelona.com\/ca\/wp-json\/wp\/v2\/media\/13476"}],"wp:attachment":[{"href":"https:\/\/geabarcelona.com\/ca\/wp-json\/wp\/v2\/media?parent=14316"}],"wp:term":[{"taxonomy":"product_brand","embeddable":true,"href":"https:\/\/geabarcelona.com\/ca\/wp-json\/wp\/v2\/product_brand?post=14316"},{"taxonomy":"product_cat","embeddable":true,"href":"https:\/\/geabarcelona.com\/ca\/wp-json\/wp\/v2\/product_cat?post=14316"},{"taxonomy":"product_tag","embeddable":true,"href":"https:\/\/geabarcelona.com\/ca\/wp-json\/wp\/v2\/product_tag?post=14316"}],"curies":[{"name":"wp","href":"https:\/\/api.w.org\/{rel}","templated":true}]}}