{"id":14321,"date":"2023-12-19T16:44:29","date_gmt":"2023-12-19T15:44:29","guid":{"rendered":"https:\/\/geabarcelona.com\/producto\/obsidiana-bola-6cm\/"},"modified":"2025-11-20T08:38:18","modified_gmt":"2025-11-20T07:38:18","slug":"obsidiana-bola-6cm","status":"publish","type":"product","link":"https:\/\/geabarcelona.com\/ca\/producte\/obsidiana-bola-6cm\/","title":{"rendered":"OBSIDIANA BOLA 6CM"},"content":{"rendered":"<p>Bola de obsidiana natural de 6 cm de di\u00e1metro, con su caracter\u00edstico brillo negro intenso y superficie lisa y pulida. Ideal para decoraci\u00f3n, meditaci\u00f3n y uso energ\u00e9tico, conocida por sus propiedades de protecci\u00f3n, limpieza de energ\u00edas negativas y conexi\u00f3n con la tierra. venta por kg.\u00bb<\/p>","protected":false},"excerpt":{"rendered":"<p>Obsidiana bola 6 cm \/ 6cm<\/p>","protected":false},"featured_media":13477,"template":"","meta":[],"product_brand":[],"product_cat":[148],"product_tag":[300],"class_list":{"0":"post-14321","1":"product","2":"type-product","3":"status-publish","4":"has-post-thumbnail","6":"product_cat-pulido-formas","7":"product_tag-obsidiana","9":"first","10":"outofstock","11":"taxable","12":"shipping-taxable","13":"purchasable","14":"product-type-simple"},"_links":{"self":[{"href":"https:\/\/geabarcelona.com\/ca\/wp-json\/wp\/v2\/product\/14321","targetHints":{"allow":["GET"]}}],"collection":[{"href":"https:\/\/geabarcelona.com\/ca\/wp-json\/wp\/v2\/product"}],"about":[{"href":"https:\/\/geabarcelona.com\/ca\/wp-json\/wp\/v2\/types\/product"}],"version-history":[{"count":2,"href":"https:\/\/geabarcelona.com\/ca\/wp-json\/wp\/v2\/product\/14321\/revisions"}],"predecessor-version":[{"id":19040,"href":"https:\/\/geabarcelona.com\/ca\/wp-json\/wp\/v2\/product\/14321\/revisions\/19040"}],"wp:featuredmedia":[{"embeddable":true,"href":"https:\/\/geabarcelona.com\/ca\/wp-json\/wp\/v2\/media\/13477"}],"wp:attachment":[{"href":"https:\/\/geabarcelona.com\/ca\/wp-json\/wp\/v2\/media?parent=14321"}],"wp:term":[{"taxonomy":"product_brand","embeddable":true,"href":"https:\/\/geabarcelona.com\/ca\/wp-json\/wp\/v2\/product_brand?post=14321"},{"taxonomy":"product_cat","embeddable":true,"href":"https:\/\/geabarcelona.com\/ca\/wp-json\/wp\/v2\/product_cat?post=14321"},{"taxonomy":"product_tag","embeddable":true,"href":"https:\/\/geabarcelona.com\/ca\/wp-json\/wp\/v2\/product_tag?post=14321"}],"curies":[{"name":"wp","href":"https:\/\/api.w.org\/{rel}","templated":true}]}}