{"id":14324,"date":"2023-12-19T16:44:30","date_gmt":"2023-12-19T15:44:30","guid":{"rendered":"https:\/\/geabarcelona.com\/producto\/pirita-corazon\/"},"modified":"2025-11-20T08:38:30","modified_gmt":"2025-11-20T07:38:30","slug":"pirita-corazon","status":"publish","type":"product","link":"https:\/\/geabarcelona.com\/ca\/producte\/pirita-corazon\/","title":{"rendered":"PIRITA CORAZON"},"content":{"rendered":"<p>Pirita pulida en forma de corazon, con su cracteristico colors doradado. Perfectas para decoraci\u00f3n, colecci\u00f3n o uso energ\u00e9tico. venta por kg.\u00bb<\/p>","protected":false},"excerpt":{"rendered":"<p>Pirita coraz\u00f3n \/ 7-10cm<\/p>","protected":false},"featured_media":17884,"template":"","meta":[],"product_brand":[],"product_cat":[148],"product_tag":[163],"class_list":{"0":"post-14324","1":"product","2":"type-product","3":"status-publish","4":"has-post-thumbnail","6":"product_cat-pulido-formas","7":"product_tag-pirita","9":"first","10":"instock","11":"taxable","12":"shipping-taxable","13":"purchasable","14":"product-type-simple"},"_links":{"self":[{"href":"https:\/\/geabarcelona.com\/ca\/wp-json\/wp\/v2\/product\/14324","targetHints":{"allow":["GET"]}}],"collection":[{"href":"https:\/\/geabarcelona.com\/ca\/wp-json\/wp\/v2\/product"}],"about":[{"href":"https:\/\/geabarcelona.com\/ca\/wp-json\/wp\/v2\/types\/product"}],"version-history":[{"count":3,"href":"https:\/\/geabarcelona.com\/ca\/wp-json\/wp\/v2\/product\/14324\/revisions"}],"predecessor-version":[{"id":19041,"href":"https:\/\/geabarcelona.com\/ca\/wp-json\/wp\/v2\/product\/14324\/revisions\/19041"}],"wp:featuredmedia":[{"embeddable":true,"href":"https:\/\/geabarcelona.com\/ca\/wp-json\/wp\/v2\/media\/17884"}],"wp:attachment":[{"href":"https:\/\/geabarcelona.com\/ca\/wp-json\/wp\/v2\/media?parent=14324"}],"wp:term":[{"taxonomy":"product_brand","embeddable":true,"href":"https:\/\/geabarcelona.com\/ca\/wp-json\/wp\/v2\/product_brand?post=14324"},{"taxonomy":"product_cat","embeddable":true,"href":"https:\/\/geabarcelona.com\/ca\/wp-json\/wp\/v2\/product_cat?post=14324"},{"taxonomy":"product_tag","embeddable":true,"href":"https:\/\/geabarcelona.com\/ca\/wp-json\/wp\/v2\/product_tag?post=14324"}],"curies":[{"name":"wp","href":"https:\/\/api.w.org\/{rel}","templated":true}]}}