{"id":14325,"date":"2023-12-19T16:44:30","date_gmt":"2023-12-19T15:44:30","guid":{"rendered":"https:\/\/geabarcelona.com\/producto\/pirita-esferas\/"},"modified":"2025-06-19T08:43:51","modified_gmt":"2025-06-19T06:43:51","slug":"pirita-esferas","status":"publish","type":"product","link":"https:\/\/geabarcelona.com\/ca\/producte\/pirita-esferas\/","title":{"rendered":"PIRITA ESFERAS"},"content":{"rendered":"<p>Esferas pulidas de pirita natural, con su caracter\u00edstico brillo met\u00e1lico dorado. Ideales para decoraci\u00f3n, colecci\u00f3n o uso energ\u00e9tico, asociadas a la protecci\u00f3n y la atracci\u00f3n de prosperidad.<br \/>\nventa por kg.<\/p>","protected":false},"excerpt":{"rendered":"<p>Pirita esferas \/ 4-7cm<\/p>","protected":false},"featured_media":17882,"template":"","meta":[],"product_brand":[],"product_cat":[148],"product_tag":[211],"class_list":{"0":"post-14325","1":"product","2":"type-product","3":"status-publish","4":"has-post-thumbnail","6":"product_cat-pulido-formas","7":"product_tag-decoracion","9":"first","10":"instock","11":"taxable","12":"shipping-taxable","13":"purchasable","14":"product-type-simple"},"_links":{"self":[{"href":"https:\/\/geabarcelona.com\/ca\/wp-json\/wp\/v2\/product\/14325","targetHints":{"allow":["GET"]}}],"collection":[{"href":"https:\/\/geabarcelona.com\/ca\/wp-json\/wp\/v2\/product"}],"about":[{"href":"https:\/\/geabarcelona.com\/ca\/wp-json\/wp\/v2\/types\/product"}],"version-history":[{"count":2,"href":"https:\/\/geabarcelona.com\/ca\/wp-json\/wp\/v2\/product\/14325\/revisions"}],"predecessor-version":[{"id":18243,"href":"https:\/\/geabarcelona.com\/ca\/wp-json\/wp\/v2\/product\/14325\/revisions\/18243"}],"wp:featuredmedia":[{"embeddable":true,"href":"https:\/\/geabarcelona.com\/ca\/wp-json\/wp\/v2\/media\/17882"}],"wp:attachment":[{"href":"https:\/\/geabarcelona.com\/ca\/wp-json\/wp\/v2\/media?parent=14325"}],"wp:term":[{"taxonomy":"product_brand","embeddable":true,"href":"https:\/\/geabarcelona.com\/ca\/wp-json\/wp\/v2\/product_brand?post=14325"},{"taxonomy":"product_cat","embeddable":true,"href":"https:\/\/geabarcelona.com\/ca\/wp-json\/wp\/v2\/product_cat?post=14325"},{"taxonomy":"product_tag","embeddable":true,"href":"https:\/\/geabarcelona.com\/ca\/wp-json\/wp\/v2\/product_tag?post=14325"}],"curies":[{"name":"wp","href":"https:\/\/api.w.org\/{rel}","templated":true}]}}