{"id":14331,"date":"2023-12-19T16:44:33","date_gmt":"2023-12-19T15:44:33","guid":{"rendered":"https:\/\/geabarcelona.com\/producto\/rodocrosita-rodado\/"},"modified":"2025-11-20T08:39:53","modified_gmt":"2025-11-20T07:39:53","slug":"rodocrosita-rodado","status":"publish","type":"product","link":"https:\/\/geabarcelona.com\/ca\/producto\/rodocrosita-rodado\/","title":{"rendered":"RODOCROSITA RODADO"},"content":{"rendered":"<p>Rodado de rodcrosita, con colores y vetas naturales rosdas. Perfectas para decoraci\u00f3n, colecci\u00f3n o uso energ\u00e9tico. venta por kg.\u00bb<\/p>","protected":false},"excerpt":{"rendered":"<p>Rodocrosita natural en forma de piedra rodada, con tama\u00f1o entre 2-3cm.<\/p>","protected":false},"featured_media":15528,"template":"","meta":[],"product_brand":[],"product_cat":[150],"product_tag":[338],"class_list":{"0":"post-14331","1":"product","2":"type-product","3":"status-publish","4":"has-post-thumbnail","6":"product_cat-rodados","7":"product_tag-rodocrosita","9":"first","10":"instock","11":"taxable","12":"shipping-taxable","13":"purchasable","14":"product-type-simple"},"_links":{"self":[{"href":"https:\/\/geabarcelona.com\/ca\/wp-json\/wp\/v2\/product\/14331","targetHints":{"allow":["GET"]}}],"collection":[{"href":"https:\/\/geabarcelona.com\/ca\/wp-json\/wp\/v2\/product"}],"about":[{"href":"https:\/\/geabarcelona.com\/ca\/wp-json\/wp\/v2\/types\/product"}],"version-history":[{"count":1,"href":"https:\/\/geabarcelona.com\/ca\/wp-json\/wp\/v2\/product\/14331\/revisions"}],"predecessor-version":[{"id":19047,"href":"https:\/\/geabarcelona.com\/ca\/wp-json\/wp\/v2\/product\/14331\/revisions\/19047"}],"wp:featuredmedia":[{"embeddable":true,"href":"https:\/\/geabarcelona.com\/ca\/wp-json\/wp\/v2\/media\/15528"}],"wp:attachment":[{"href":"https:\/\/geabarcelona.com\/ca\/wp-json\/wp\/v2\/media?parent=14331"}],"wp:term":[{"taxonomy":"product_brand","embeddable":true,"href":"https:\/\/geabarcelona.com\/ca\/wp-json\/wp\/v2\/product_brand?post=14331"},{"taxonomy":"product_cat","embeddable":true,"href":"https:\/\/geabarcelona.com\/ca\/wp-json\/wp\/v2\/product_cat?post=14331"},{"taxonomy":"product_tag","embeddable":true,"href":"https:\/\/geabarcelona.com\/ca\/wp-json\/wp\/v2\/product_tag?post=14331"}],"curies":[{"name":"wp","href":"https:\/\/api.w.org\/{rel}","templated":true}]}}