{"id":14336,"date":"2023-12-19T16:44:33","date_gmt":"2023-12-19T15:44:33","guid":{"rendered":"https:\/\/geabarcelona.com\/producto\/selenita-masajeador-con-punta\/"},"modified":"2025-11-20T08:41:14","modified_gmt":"2025-11-20T07:41:14","slug":"selenita-masajeador-con-punta","status":"publish","type":"product","link":"https:\/\/geabarcelona.com\/ca\/producto\/selenita-masajeador-con-punta\/","title":{"rendered":"SELENITA MASSATGE AMB PUNTA"},"content":{"rendered":"<p>Belleza y energ\u00eda en un solo gesto. Elaborado con selenita natural, este masajeador facial ayuda a tonificar la piel, reducir la hinchaz\u00f3n y relajar los m\u00fasculos. La selenita es conocida por sus propiedades purificadoras y energizantes, promoviendo claridad mental y bienestar en cada uso. Ideal para mejorar la circulaci\u00f3n y realzar la luminosidad del rostro de forma natural. venta por unidad\u00bb<\/p>","protected":false},"excerpt":{"rendered":"<p>Selenita masajeador con punta \/ <\/p>","protected":false},"featured_media":13569,"template":"","meta":[],"product_brand":[],"product_cat":[148,154],"product_tag":[340],"class_list":{"0":"post-14336","1":"product","2":"type-product","3":"status-publish","4":"has-post-thumbnail","6":"product_cat-pulido-formas","7":"product_cat-selenita","8":"product_tag-selenita","10":"first","11":"instock","12":"taxable","13":"shipping-taxable","14":"purchasable","15":"product-type-simple"},"_links":{"self":[{"href":"https:\/\/geabarcelona.com\/ca\/wp-json\/wp\/v2\/product\/14336","targetHints":{"allow":["GET"]}}],"collection":[{"href":"https:\/\/geabarcelona.com\/ca\/wp-json\/wp\/v2\/product"}],"about":[{"href":"https:\/\/geabarcelona.com\/ca\/wp-json\/wp\/v2\/types\/product"}],"version-history":[{"count":2,"href":"https:\/\/geabarcelona.com\/ca\/wp-json\/wp\/v2\/product\/14336\/revisions"}],"predecessor-version":[{"id":19052,"href":"https:\/\/geabarcelona.com\/ca\/wp-json\/wp\/v2\/product\/14336\/revisions\/19052"}],"wp:featuredmedia":[{"embeddable":true,"href":"https:\/\/geabarcelona.com\/ca\/wp-json\/wp\/v2\/media\/13569"}],"wp:attachment":[{"href":"https:\/\/geabarcelona.com\/ca\/wp-json\/wp\/v2\/media?parent=14336"}],"wp:term":[{"taxonomy":"product_brand","embeddable":true,"href":"https:\/\/geabarcelona.com\/ca\/wp-json\/wp\/v2\/product_brand?post=14336"},{"taxonomy":"product_cat","embeddable":true,"href":"https:\/\/geabarcelona.com\/ca\/wp-json\/wp\/v2\/product_cat?post=14336"},{"taxonomy":"product_tag","embeddable":true,"href":"https:\/\/geabarcelona.com\/ca\/wp-json\/wp\/v2\/product_tag?post=14336"}],"curies":[{"name":"wp","href":"https:\/\/api.w.org\/{rel}","templated":true}]}}