{"id":14354,"date":"2023-12-19T16:44:36","date_gmt":"2023-12-19T15:44:36","guid":{"rendered":"https:\/\/geabarcelona.com\/producto\/amatista-drusa-base-metal-pequena-de-100-500gr\/"},"modified":"2025-06-19T08:43:55","modified_gmt":"2025-06-19T06:43:55","slug":"amatista-drusa-base-metal-pequena-de-100-500gr","status":"publish","type":"product","link":"https:\/\/geabarcelona.com\/ca\/producte\/amatista-drusa-base-metal-pequena-de-100-500gr\/","title":{"rendered":"AMATISTA DRUSA BASE METAL PEQUE\u00d1A DE 100-500GR"},"content":{"rendered":"<p>Chapa de cuarzo montada sobre una base de metal resistente que realza su textura cruda y aut\u00e9ntica. Ideal para decoraci\u00f3n, protecci\u00f3n energ\u00e9tica y espacios.<br \/>\nventa por kg.<\/p>\n<div style=\"width: 800px;\" class=\"wp-video\"><video class=\"wp-video-shortcode\" id=\"video-14354-1\" width=\"800\" height=\"965\" preload=\"metadata\" controls=\"controls\"><source type=\"video\/mp4\" src=\"https:\/\/geabarcelona.com\/wp-content\/uploads\/2023\/12\/AMATISTA100-500.mp4?_=1\" \/><a href=\"https:\/\/geabarcelona.com\/wp-content\/uploads\/2023\/12\/AMATISTA100-500.mp4\">https:\/\/geabarcelona.com\/wp-content\/uploads\/2023\/12\/AMATISTA100-500.mp4<\/a><\/video><\/div>","protected":false},"excerpt":{"rendered":"<p>Drusa de amatista con base met\u00e1lica peque\u00f1a de 100-500 gramos \/ 5-10cm<\/p>","protected":false},"featured_media":0,"template":"","meta":[],"product_brand":[],"product_cat":[140],"product_tag":[245],"class_list":{"0":"post-14354","1":"product","2":"type-product","3":"status-publish","5":"product_cat-uruguay","6":"product_tag-amatista","8":"first","9":"instock","10":"taxable","11":"shipping-taxable","12":"purchasable","13":"product-type-simple"},"_links":{"self":[{"href":"https:\/\/geabarcelona.com\/ca\/wp-json\/wp\/v2\/product\/14354","targetHints":{"allow":["GET"]}}],"collection":[{"href":"https:\/\/geabarcelona.com\/ca\/wp-json\/wp\/v2\/product"}],"about":[{"href":"https:\/\/geabarcelona.com\/ca\/wp-json\/wp\/v2\/types\/product"}],"version-history":[{"count":2,"href":"https:\/\/geabarcelona.com\/ca\/wp-json\/wp\/v2\/product\/14354\/revisions"}],"predecessor-version":[{"id":18286,"href":"https:\/\/geabarcelona.com\/ca\/wp-json\/wp\/v2\/product\/14354\/revisions\/18286"}],"wp:attachment":[{"href":"https:\/\/geabarcelona.com\/ca\/wp-json\/wp\/v2\/media?parent=14354"}],"wp:term":[{"taxonomy":"product_brand","embeddable":true,"href":"https:\/\/geabarcelona.com\/ca\/wp-json\/wp\/v2\/product_brand?post=14354"},{"taxonomy":"product_cat","embeddable":true,"href":"https:\/\/geabarcelona.com\/ca\/wp-json\/wp\/v2\/product_cat?post=14354"},{"taxonomy":"product_tag","embeddable":true,"href":"https:\/\/geabarcelona.com\/ca\/wp-json\/wp\/v2\/product_tag?post=14354"}],"curies":[{"name":"wp","href":"https:\/\/api.w.org\/{rel}","templated":true}]}}