{"id":14356,"date":"2023-12-19T16:44:36","date_gmt":"2023-12-19T15:44:36","guid":{"rendered":"https:\/\/geabarcelona.com\/producto\/amatista-geoda-natural-coco-2\/"},"modified":"2025-12-11T13:18:41","modified_gmt":"2025-12-11T12:18:41","slug":"amatista-geoda-natural-coco-2","status":"publish","type":"product","link":"https:\/\/geabarcelona.com\/ca\/producte\/amatista-geoda-natural-coco-2\/","title":{"rendered":"AMATISTA GEODA NATURAL (COCO)"},"content":{"rendered":"<p>Geoda natural de amatista en forma de coco, que exhibe cristales violetas vibrantes y texturas org\u00e1nicas, ideal para decoraci\u00f3n y energ\u00edas de calma y espiritualidad. venta por kg.\u00bb<\/p>","protected":false},"excerpt":{"rendered":"<p>Geoda natural de amatista en forma de coco \/ 10-20cm<\/p>","protected":false},"featured_media":18500,"template":"","meta":[],"product_brand":[],"product_cat":[139],"product_tag":[245],"class_list":{"0":"post-14356","1":"product","2":"type-product","3":"status-publish","4":"has-post-thumbnail","6":"product_cat-brasil","7":"product_tag-amatista","9":"first","10":"instock","11":"taxable","12":"shipping-taxable","13":"purchasable","14":"product-type-simple"},"_links":{"self":[{"href":"https:\/\/geabarcelona.com\/ca\/wp-json\/wp\/v2\/product\/14356","targetHints":{"allow":["GET"]}}],"collection":[{"href":"https:\/\/geabarcelona.com\/ca\/wp-json\/wp\/v2\/product"}],"about":[{"href":"https:\/\/geabarcelona.com\/ca\/wp-json\/wp\/v2\/types\/product"}],"version-history":[{"count":3,"href":"https:\/\/geabarcelona.com\/ca\/wp-json\/wp\/v2\/product\/14356\/revisions"}],"predecessor-version":[{"id":19066,"href":"https:\/\/geabarcelona.com\/ca\/wp-json\/wp\/v2\/product\/14356\/revisions\/19066"}],"wp:featuredmedia":[{"embeddable":true,"href":"https:\/\/geabarcelona.com\/ca\/wp-json\/wp\/v2\/media\/18500"}],"wp:attachment":[{"href":"https:\/\/geabarcelona.com\/ca\/wp-json\/wp\/v2\/media?parent=14356"}],"wp:term":[{"taxonomy":"product_brand","embeddable":true,"href":"https:\/\/geabarcelona.com\/ca\/wp-json\/wp\/v2\/product_brand?post=14356"},{"taxonomy":"product_cat","embeddable":true,"href":"https:\/\/geabarcelona.com\/ca\/wp-json\/wp\/v2\/product_cat?post=14356"},{"taxonomy":"product_tag","embeddable":true,"href":"https:\/\/geabarcelona.com\/ca\/wp-json\/wp\/v2\/product_tag?post=14356"}],"curies":[{"name":"wp","href":"https:\/\/api.w.org\/{rel}","templated":true}]}}