{"id":14359,"date":"2023-12-19T16:44:37","date_gmt":"2023-12-19T15:44:37","guid":{"rendered":"https:\/\/geabarcelona.com\/producto\/amatista-drusa-con-base-madera-2\/"},"modified":"2025-12-11T13:18:50","modified_gmt":"2025-12-11T12:18:50","slug":"amatista-drusa-con-base-madera-2","status":"publish","type":"product","link":"https:\/\/geabarcelona.com\/ca\/producte\/amatista-drusa-con-base-madera-2\/","title":{"rendered":"AMATISTA DRUSA CON  BASE MADERA"},"content":{"rendered":"<p>Drusa de amatista montada sobre una base de madera. Ideal para decoraci\u00f3n, protecci\u00f3n energ\u00e9tica y espacios.<br \/>\nventa por kg.<\/p>","protected":false},"excerpt":{"rendered":"<p>Drusa de amatista con base de madera \/ 7-15cm<\/p>","protected":false},"featured_media":18522,"template":"","meta":[],"product_brand":[],"product_cat":[139],"product_tag":[245],"class_list":{"0":"post-14359","1":"product","2":"type-product","3":"status-publish","4":"has-post-thumbnail","6":"product_cat-brasil","7":"product_tag-amatista","9":"first","10":"instock","11":"taxable","12":"shipping-taxable","13":"purchasable","14":"product-type-simple"},"_links":{"self":[{"href":"https:\/\/geabarcelona.com\/ca\/wp-json\/wp\/v2\/product\/14359","targetHints":{"allow":["GET"]}}],"collection":[{"href":"https:\/\/geabarcelona.com\/ca\/wp-json\/wp\/v2\/product"}],"about":[{"href":"https:\/\/geabarcelona.com\/ca\/wp-json\/wp\/v2\/types\/product"}],"version-history":[{"count":3,"href":"https:\/\/geabarcelona.com\/ca\/wp-json\/wp\/v2\/product\/14359\/revisions"}],"predecessor-version":[{"id":18523,"href":"https:\/\/geabarcelona.com\/ca\/wp-json\/wp\/v2\/product\/14359\/revisions\/18523"}],"wp:featuredmedia":[{"embeddable":true,"href":"https:\/\/geabarcelona.com\/ca\/wp-json\/wp\/v2\/media\/18522"}],"wp:attachment":[{"href":"https:\/\/geabarcelona.com\/ca\/wp-json\/wp\/v2\/media?parent=14359"}],"wp:term":[{"taxonomy":"product_brand","embeddable":true,"href":"https:\/\/geabarcelona.com\/ca\/wp-json\/wp\/v2\/product_brand?post=14359"},{"taxonomy":"product_cat","embeddable":true,"href":"https:\/\/geabarcelona.com\/ca\/wp-json\/wp\/v2\/product_cat?post=14359"},{"taxonomy":"product_tag","embeddable":true,"href":"https:\/\/geabarcelona.com\/ca\/wp-json\/wp\/v2\/product_tag?post=14359"}],"curies":[{"name":"wp","href":"https:\/\/api.w.org\/{rel}","templated":true}]}}