{"id":14414,"date":"2023-12-19T16:44:46","date_gmt":"2023-12-19T15:44:46","guid":{"rendered":"https:\/\/geabarcelona.com\/producto\/amatista-en-matriz-con-base-metal-2\/"},"modified":"2025-06-19T08:43:51","modified_gmt":"2025-06-19T06:43:51","slug":"amatista-en-matriz-con-base-metal-2","status":"publish","type":"product","link":"https:\/\/geabarcelona.com\/ca\/producte\/amatista-en-matriz-con-base-metal-2\/","title":{"rendered":"AMATISTA EN MATRIZ CON Y SIN BASE MADERA"},"content":{"rendered":"<p>Dusa de amatista montada sobre una base de metal resistente que realza su textura cruda y aut\u00e9ntica. Ideal para decoraci\u00f3n, protecci\u00f3n energ\u00e9tica y espacios.<br \/>\nventa por kg.<\/p>","protected":false},"excerpt":{"rendered":"<p>Amatista en matriz con base met\u00e1lica \/ 5-8cm diametro<\/p>","protected":false},"featured_media":13705,"template":"","meta":[],"product_brand":[],"product_cat":[140],"product_tag":[245],"class_list":{"0":"post-14414","1":"product","2":"type-product","3":"status-publish","4":"has-post-thumbnail","6":"product_cat-uruguay","7":"product_tag-amatista","9":"first","10":"outofstock","11":"taxable","12":"shipping-taxable","13":"purchasable","14":"product-type-simple"},"_links":{"self":[{"href":"https:\/\/geabarcelona.com\/ca\/wp-json\/wp\/v2\/product\/14414","targetHints":{"allow":["GET"]}}],"collection":[{"href":"https:\/\/geabarcelona.com\/ca\/wp-json\/wp\/v2\/product"}],"about":[{"href":"https:\/\/geabarcelona.com\/ca\/wp-json\/wp\/v2\/types\/product"}],"version-history":[{"count":2,"href":"https:\/\/geabarcelona.com\/ca\/wp-json\/wp\/v2\/product\/14414\/revisions"}],"predecessor-version":[{"id":18236,"href":"https:\/\/geabarcelona.com\/ca\/wp-json\/wp\/v2\/product\/14414\/revisions\/18236"}],"wp:featuredmedia":[{"embeddable":true,"href":"https:\/\/geabarcelona.com\/ca\/wp-json\/wp\/v2\/media\/13705"}],"wp:attachment":[{"href":"https:\/\/geabarcelona.com\/ca\/wp-json\/wp\/v2\/media?parent=14414"}],"wp:term":[{"taxonomy":"product_brand","embeddable":true,"href":"https:\/\/geabarcelona.com\/ca\/wp-json\/wp\/v2\/product_brand?post=14414"},{"taxonomy":"product_cat","embeddable":true,"href":"https:\/\/geabarcelona.com\/ca\/wp-json\/wp\/v2\/product_cat?post=14414"},{"taxonomy":"product_tag","embeddable":true,"href":"https:\/\/geabarcelona.com\/ca\/wp-json\/wp\/v2\/product_tag?post=14414"}],"curies":[{"name":"wp","href":"https:\/\/api.w.org\/{rel}","templated":true}]}}