{"id":14418,"date":"2023-12-19T16:44:47","date_gmt":"2023-12-19T15:44:47","guid":{"rendered":"https:\/\/geabarcelona.com\/producto\/amatista-formacion-3\/"},"modified":"2025-12-11T11:14:28","modified_gmt":"2025-12-11T10:14:28","slug":"amatista-formacion-3","status":"publish","type":"product","link":"https:\/\/geabarcelona.com\/ca\/producte\/amatista-formacion-3\/","title":{"rendered":"AMATISTA FORMACI\u00d3 CUPCAKE"},"content":{"rendered":"<p>Formaci\u00f3n natural de amatista en forma de \u201ccupcake\u201d, con cristales violetas y textura \u00fanica que combina belleza org\u00e1nica y energ\u00eda calmante, ideal para decoraci\u00f3n y pr\u00e1cticas espirituales. venta por kg.\u00bb<\/p>","protected":false},"excerpt":{"rendered":"<p><strong>EN PROMOCION hasta fin de existencias!<\/strong><br \/>\nFormaciones de amatista \/ 20-30cm<\/p>","protected":false},"featured_media":18417,"template":"","meta":[],"product_brand":[],"product_cat":[149,140],"product_tag":[245],"class_list":{"0":"post-14418","1":"product","2":"type-product","3":"status-publish","4":"has-post-thumbnail","6":"product_cat-decoracion-lamparas","7":"product_cat-uruguay","8":"product_tag-amatista","10":"first","11":"instock","12":"sale","13":"taxable","14":"shipping-taxable","15":"purchasable","16":"product-type-simple"},"_links":{"self":[{"href":"https:\/\/geabarcelona.com\/ca\/wp-json\/wp\/v2\/product\/14418","targetHints":{"allow":["GET"]}}],"collection":[{"href":"https:\/\/geabarcelona.com\/ca\/wp-json\/wp\/v2\/product"}],"about":[{"href":"https:\/\/geabarcelona.com\/ca\/wp-json\/wp\/v2\/types\/product"}],"version-history":[{"count":4,"href":"https:\/\/geabarcelona.com\/ca\/wp-json\/wp\/v2\/product\/14418\/revisions"}],"predecessor-version":[{"id":19089,"href":"https:\/\/geabarcelona.com\/ca\/wp-json\/wp\/v2\/product\/14418\/revisions\/19089"}],"wp:featuredmedia":[{"embeddable":true,"href":"https:\/\/geabarcelona.com\/ca\/wp-json\/wp\/v2\/media\/18417"}],"wp:attachment":[{"href":"https:\/\/geabarcelona.com\/ca\/wp-json\/wp\/v2\/media?parent=14418"}],"wp:term":[{"taxonomy":"product_brand","embeddable":true,"href":"https:\/\/geabarcelona.com\/ca\/wp-json\/wp\/v2\/product_brand?post=14418"},{"taxonomy":"product_cat","embeddable":true,"href":"https:\/\/geabarcelona.com\/ca\/wp-json\/wp\/v2\/product_cat?post=14418"},{"taxonomy":"product_tag","embeddable":true,"href":"https:\/\/geabarcelona.com\/ca\/wp-json\/wp\/v2\/product_tag?post=14418"}],"curies":[{"name":"wp","href":"https:\/\/api.w.org\/{rel}","templated":true}]}}