{"id":14426,"date":"2023-12-19T16:44:48","date_gmt":"2023-12-19T15:44:48","guid":{"rendered":"https:\/\/geabarcelona.com\/producto\/amatista-prismas-bruto-2\/"},"modified":"2025-06-19T08:43:54","modified_gmt":"2025-06-19T06:43:54","slug":"amatista-prismas-bruto-2","status":"publish","type":"product","link":"https:\/\/geabarcelona.com\/ca\/producte\/amatista-prismas-bruto-2\/","title":{"rendered":"AMATISTA PRISMES BRUT"},"content":{"rendered":"<p>Prismas pulidos de amatista con tonos violeta intensos y vetas naturales. Cada pieza es \u00fanica y combina est\u00e9tica con propiedades energ\u00e9ticas asociadas a la calma y la protecci\u00f3n. Ideal para decoraci\u00f3n, meditaci\u00f3n o colecci\u00f3n.<br \/>\nventa por kg.<\/p>","protected":false},"excerpt":{"rendered":"<p>Prismas de amatista en bruto \/ 7-15cm<\/p>","protected":false},"featured_media":0,"template":"","meta":[],"product_brand":[],"product_cat":[140],"product_tag":[245],"class_list":{"0":"post-14426","1":"product","2":"type-product","3":"status-publish","5":"product_cat-uruguay","6":"product_tag-amatista","8":"first","9":"instock","10":"sale","11":"taxable","12":"shipping-taxable","13":"purchasable","14":"product-type-simple"},"_links":{"self":[{"href":"https:\/\/geabarcelona.com\/ca\/wp-json\/wp\/v2\/product\/14426","targetHints":{"allow":["GET"]}}],"collection":[{"href":"https:\/\/geabarcelona.com\/ca\/wp-json\/wp\/v2\/product"}],"about":[{"href":"https:\/\/geabarcelona.com\/ca\/wp-json\/wp\/v2\/types\/product"}],"version-history":[{"count":2,"href":"https:\/\/geabarcelona.com\/ca\/wp-json\/wp\/v2\/product\/14426\/revisions"}],"predecessor-version":[{"id":18273,"href":"https:\/\/geabarcelona.com\/ca\/wp-json\/wp\/v2\/product\/14426\/revisions\/18273"}],"wp:attachment":[{"href":"https:\/\/geabarcelona.com\/ca\/wp-json\/wp\/v2\/media?parent=14426"}],"wp:term":[{"taxonomy":"product_brand","embeddable":true,"href":"https:\/\/geabarcelona.com\/ca\/wp-json\/wp\/v2\/product_brand?post=14426"},{"taxonomy":"product_cat","embeddable":true,"href":"https:\/\/geabarcelona.com\/ca\/wp-json\/wp\/v2\/product_cat?post=14426"},{"taxonomy":"product_tag","embeddable":true,"href":"https:\/\/geabarcelona.com\/ca\/wp-json\/wp\/v2\/product_tag?post=14426"}],"curies":[{"name":"wp","href":"https:\/\/api.w.org\/{rel}","templated":true}]}}