{"id":14427,"date":"2023-12-19T16:44:49","date_gmt":"2023-12-19T15:44:49","guid":{"rendered":"https:\/\/geabarcelona.com\/producto\/amatista-rosa-con-base-metal-2\/"},"modified":"2025-06-25T16:40:18","modified_gmt":"2025-06-25T14:40:18","slug":"amatista-rosa-con-base-metal-2","status":"publish","type":"product","link":"https:\/\/geabarcelona.com\/ca\/producte\/amatista-rosa-con-base-metal-2\/","title":{"rendered":"AMATISTA ROSA AMB BASE METALL"},"content":{"rendered":"<p>Pieza natural de amatista rosa montada sobre una base de metal resistente que realza su textura cruda y aut\u00e9ntica. Ideal para decoraci\u00f3n, protecci\u00f3n energ\u00e9tica y espacios.<br \/>\nventa por kg.<\/p>","protected":false},"excerpt":{"rendered":"<p>Rosa de amatista con base met\u00e1lica \/ 30-200cm<\/p>","protected":false},"featured_media":18513,"template":"","meta":[],"product_brand":[],"product_cat":[317,140],"product_tag":[245],"class_list":{"0":"post-14427","1":"product","2":"type-product","3":"status-publish","4":"has-post-thumbnail","6":"product_cat-amatista","7":"product_cat-uruguay","8":"product_tag-amatista","10":"first","11":"instock","12":"taxable","13":"shipping-taxable","14":"purchasable","15":"product-type-simple"},"_links":{"self":[{"href":"https:\/\/geabarcelona.com\/ca\/wp-json\/wp\/v2\/product\/14427","targetHints":{"allow":["GET"]}}],"collection":[{"href":"https:\/\/geabarcelona.com\/ca\/wp-json\/wp\/v2\/product"}],"about":[{"href":"https:\/\/geabarcelona.com\/ca\/wp-json\/wp\/v2\/types\/product"}],"version-history":[{"count":2,"href":"https:\/\/geabarcelona.com\/ca\/wp-json\/wp\/v2\/product\/14427\/revisions"}],"predecessor-version":[{"id":18265,"href":"https:\/\/geabarcelona.com\/ca\/wp-json\/wp\/v2\/product\/14427\/revisions\/18265"}],"wp:featuredmedia":[{"embeddable":true,"href":"https:\/\/geabarcelona.com\/ca\/wp-json\/wp\/v2\/media\/18513"}],"wp:attachment":[{"href":"https:\/\/geabarcelona.com\/ca\/wp-json\/wp\/v2\/media?parent=14427"}],"wp:term":[{"taxonomy":"product_brand","embeddable":true,"href":"https:\/\/geabarcelona.com\/ca\/wp-json\/wp\/v2\/product_brand?post=14427"},{"taxonomy":"product_cat","embeddable":true,"href":"https:\/\/geabarcelona.com\/ca\/wp-json\/wp\/v2\/product_cat?post=14427"},{"taxonomy":"product_tag","embeddable":true,"href":"https:\/\/geabarcelona.com\/ca\/wp-json\/wp\/v2\/product_tag?post=14427"}],"curies":[{"name":"wp","href":"https:\/\/api.w.org\/{rel}","templated":true}]}}