{"id":14428,"date":"2023-12-19T16:44:49","date_gmt":"2023-12-19T15:44:49","guid":{"rendered":"https:\/\/geabarcelona.com\/producto\/amatista-rosa-formas-libres-2\/"},"modified":"2025-11-20T12:40:28","modified_gmt":"2025-11-20T11:40:28","slug":"amatista-rosa-formas-libres-2","status":"publish","type":"product","link":"https:\/\/geabarcelona.com\/ca\/producte\/amatista-rosa-formas-libres-2\/","title":{"rendered":"AMATISTA ROSA FORMES (COR, FLAMA, LLUNA, MARIPOSA, OBELISC\u2026)"},"content":{"rendered":"<p>Amatista pulida en diversas formas como obeliscos, biterminadas, mariposas, corazones y prismas. Cada pieza conserva las vetas y colores caracter\u00edsticos del mineral, ideales para decoraci\u00f3n, colecci\u00f3n o uso energ\u00e9tico. venta por kg.\u00bb<\/p>","protected":false},"excerpt":{"rendered":"<p>Formas libres de rosa de amatista \/ 5-15cm<\/p>","protected":false},"featured_media":17997,"template":"","meta":[],"product_brand":[],"product_cat":[140],"product_tag":[245],"class_list":{"0":"post-14428","1":"product","2":"type-product","3":"status-publish","4":"has-post-thumbnail","6":"product_cat-uruguay","7":"product_tag-amatista","9":"first","10":"instock","11":"taxable","12":"shipping-taxable","13":"purchasable","14":"product-type-simple"},"_links":{"self":[{"href":"https:\/\/geabarcelona.com\/ca\/wp-json\/wp\/v2\/product\/14428","targetHints":{"allow":["GET"]}}],"collection":[{"href":"https:\/\/geabarcelona.com\/ca\/wp-json\/wp\/v2\/product"}],"about":[{"href":"https:\/\/geabarcelona.com\/ca\/wp-json\/wp\/v2\/types\/product"}],"version-history":[{"count":3,"href":"https:\/\/geabarcelona.com\/ca\/wp-json\/wp\/v2\/product\/14428\/revisions"}],"predecessor-version":[{"id":19095,"href":"https:\/\/geabarcelona.com\/ca\/wp-json\/wp\/v2\/product\/14428\/revisions\/19095"}],"wp:featuredmedia":[{"embeddable":true,"href":"https:\/\/geabarcelona.com\/ca\/wp-json\/wp\/v2\/media\/17997"}],"wp:attachment":[{"href":"https:\/\/geabarcelona.com\/ca\/wp-json\/wp\/v2\/media?parent=14428"}],"wp:term":[{"taxonomy":"product_brand","embeddable":true,"href":"https:\/\/geabarcelona.com\/ca\/wp-json\/wp\/v2\/product_brand?post=14428"},{"taxonomy":"product_cat","embeddable":true,"href":"https:\/\/geabarcelona.com\/ca\/wp-json\/wp\/v2\/product_cat?post=14428"},{"taxonomy":"product_tag","embeddable":true,"href":"https:\/\/geabarcelona.com\/ca\/wp-json\/wp\/v2\/product_tag?post=14428"}],"curies":[{"name":"wp","href":"https:\/\/api.w.org\/{rel}","templated":true}]}}