{"id":14450,"date":"2023-12-19T16:44:54","date_gmt":"2023-12-19T15:44:54","guid":{"rendered":"https:\/\/geabarcelona.com\/producto\/cuarzo-rosa-guasha\/"},"modified":"2025-06-19T08:43:56","modified_gmt":"2025-06-19T06:43:56","slug":"cuarzo-rosa-guasha","status":"publish","type":"product","link":"https:\/\/geabarcelona.com\/ca\/producte\/cuarzo-rosa-guasha\/","title":{"rendered":"CUARZO ROSA GUASHA"},"content":{"rendered":"<p>Amor y cuidado para tu piel<br \/>\nHecha de cuarzo rosa natural, esta guasha suaviza y tonifica la piel mientras relaja los m\u00fasculos faciales. Conocida como la piedra del amor, transmite calma y armon\u00eda, haciendo de cada masaje un momento de conexi\u00f3n y autocuidado.<br \/>\nventa por unidad<\/p>","protected":false},"excerpt":{"rendered":"<p>Guasha de cuarzo rosa \/ 7-10cm<\/p>","protected":false},"featured_media":13623,"template":"","meta":[],"product_brand":[],"product_cat":[148,147],"product_tag":[179],"class_list":{"0":"post-14450","1":"product","2":"type-product","3":"status-publish","4":"has-post-thumbnail","6":"product_cat-pulido-formas","7":"product_cat-terapias-hogar","8":"product_tag-cuarzo-rosa","10":"first","11":"instock","12":"taxable","13":"shipping-taxable","14":"purchasable","15":"product-type-simple"},"_links":{"self":[{"href":"https:\/\/geabarcelona.com\/ca\/wp-json\/wp\/v2\/product\/14450","targetHints":{"allow":["GET"]}}],"collection":[{"href":"https:\/\/geabarcelona.com\/ca\/wp-json\/wp\/v2\/product"}],"about":[{"href":"https:\/\/geabarcelona.com\/ca\/wp-json\/wp\/v2\/types\/product"}],"version-history":[{"count":2,"href":"https:\/\/geabarcelona.com\/ca\/wp-json\/wp\/v2\/product\/14450\/revisions"}],"predecessor-version":[{"id":18296,"href":"https:\/\/geabarcelona.com\/ca\/wp-json\/wp\/v2\/product\/14450\/revisions\/18296"}],"wp:featuredmedia":[{"embeddable":true,"href":"https:\/\/geabarcelona.com\/ca\/wp-json\/wp\/v2\/media\/13623"}],"wp:attachment":[{"href":"https:\/\/geabarcelona.com\/ca\/wp-json\/wp\/v2\/media?parent=14450"}],"wp:term":[{"taxonomy":"product_brand","embeddable":true,"href":"https:\/\/geabarcelona.com\/ca\/wp-json\/wp\/v2\/product_brand?post=14450"},{"taxonomy":"product_cat","embeddable":true,"href":"https:\/\/geabarcelona.com\/ca\/wp-json\/wp\/v2\/product_cat?post=14450"},{"taxonomy":"product_tag","embeddable":true,"href":"https:\/\/geabarcelona.com\/ca\/wp-json\/wp\/v2\/product_tag?post=14450"}],"curies":[{"name":"wp","href":"https:\/\/api.w.org\/{rel}","templated":true}]}}