{"id":14472,"date":"2023-12-19T16:44:58","date_gmt":"2023-12-19T15:44:58","guid":{"rendered":"https:\/\/geabarcelona.com\/producto\/obsidiana-guasha\/"},"modified":"2025-06-19T08:44:00","modified_gmt":"2025-06-19T06:44:00","slug":"obsidiana-guasha","status":"publish","type":"product","link":"https:\/\/geabarcelona.com\/ca\/producte\/obsidiana-guasha\/","title":{"rendered":"OBSIDIANA GUASHA"},"content":{"rendered":"<p>Protecci\u00f3n y fuerza para tu piel<br \/>\nTallada en obsidiana volc\u00e1nica natural, esta guasha favorece la desintoxicaci\u00f3n de la piel, relaja los m\u00fasculos y ayuda a liberar tensiones acumuladas. La obsidiana es una piedra protectora que equilibra y renueva, perfecta para un masaje profundo y energ\u00e9tico.<br \/>\nventa por unidad<\/p>","protected":false},"excerpt":{"rendered":"<p>Obsidiana guasha \/<\/p>","protected":false},"featured_media":13542,"template":"","meta":[],"product_brand":[],"product_cat":[148,147],"product_tag":[300],"class_list":{"0":"post-14472","1":"product","2":"type-product","3":"status-publish","4":"has-post-thumbnail","6":"product_cat-pulido-formas","7":"product_cat-terapias-hogar","8":"product_tag-obsidiana","10":"first","11":"instock","12":"taxable","13":"shipping-taxable","14":"purchasable","15":"product-type-simple"},"_links":{"self":[{"href":"https:\/\/geabarcelona.com\/ca\/wp-json\/wp\/v2\/product\/14472","targetHints":{"allow":["GET"]}}],"collection":[{"href":"https:\/\/geabarcelona.com\/ca\/wp-json\/wp\/v2\/product"}],"about":[{"href":"https:\/\/geabarcelona.com\/ca\/wp-json\/wp\/v2\/types\/product"}],"version-history":[{"count":2,"href":"https:\/\/geabarcelona.com\/ca\/wp-json\/wp\/v2\/product\/14472\/revisions"}],"predecessor-version":[{"id":18366,"href":"https:\/\/geabarcelona.com\/ca\/wp-json\/wp\/v2\/product\/14472\/revisions\/18366"}],"wp:featuredmedia":[{"embeddable":true,"href":"https:\/\/geabarcelona.com\/ca\/wp-json\/wp\/v2\/media\/13542"}],"wp:attachment":[{"href":"https:\/\/geabarcelona.com\/ca\/wp-json\/wp\/v2\/media?parent=14472"}],"wp:term":[{"taxonomy":"product_brand","embeddable":true,"href":"https:\/\/geabarcelona.com\/ca\/wp-json\/wp\/v2\/product_brand?post=14472"},{"taxonomy":"product_cat","embeddable":true,"href":"https:\/\/geabarcelona.com\/ca\/wp-json\/wp\/v2\/product_cat?post=14472"},{"taxonomy":"product_tag","embeddable":true,"href":"https:\/\/geabarcelona.com\/ca\/wp-json\/wp\/v2\/product_tag?post=14472"}],"curies":[{"name":"wp","href":"https:\/\/api.w.org\/{rel}","templated":true}]}}