{"id":14479,"date":"2023-12-19T16:44:59","date_gmt":"2023-12-19T15:44:59","guid":{"rendered":"https:\/\/geabarcelona.com\/producto\/lampara-escenario-arbol-de-la-vida\/"},"modified":"2025-12-11T11:37:04","modified_gmt":"2025-12-11T10:37:04","slug":"lampara-escenario-arbol-de-la-vida","status":"publish","type":"product","link":"https:\/\/geabarcelona.com\/ca\/producte\/lampara-escenario-arbol-de-la-vida\/","title":{"rendered":"LAMPARA ESCENARIO ARBOL DE LA VIDA"},"content":{"rendered":"<p>Esta l\u00e1mpara est\u00e1 tallada con aut\u00e9ntica sal rosa del Himalaya e incorpora el s\u00edmbolo del \u00e1rbol de la vida. Su luz c\u00e1lida y suave crea un ambiente natural y sereno, ideal para relajar y purificar cualquier espacio en tu hogar. Medidas: 22 cm de alto x 20 cm de ancho x 10 cm de profundidad. Peso aproximado: 4,5 kg.<br \/>\nventa por unidad<\/p>","protected":false},"excerpt":{"rendered":"<p>L\u00e1mpara escenario \u00e1rbol de la vida \/<\/p>","protected":false},"featured_media":17873,"template":"","meta":[],"product_brand":[],"product_cat":[149,147],"product_tag":[185],"class_list":{"0":"post-14479","1":"product","2":"type-product","3":"status-publish","4":"has-post-thumbnail","6":"product_cat-decoracion-lamparas","7":"product_cat-terapias-hogar","8":"product_tag-lampara","10":"first","11":"instock","12":"taxable","13":"shipping-taxable","14":"purchasable","15":"product-type-simple"},"_links":{"self":[{"href":"https:\/\/geabarcelona.com\/ca\/wp-json\/wp\/v2\/product\/14479","targetHints":{"allow":["GET"]}}],"collection":[{"href":"https:\/\/geabarcelona.com\/ca\/wp-json\/wp\/v2\/product"}],"about":[{"href":"https:\/\/geabarcelona.com\/ca\/wp-json\/wp\/v2\/types\/product"}],"version-history":[{"count":2,"href":"https:\/\/geabarcelona.com\/ca\/wp-json\/wp\/v2\/product\/14479\/revisions"}],"predecessor-version":[{"id":18351,"href":"https:\/\/geabarcelona.com\/ca\/wp-json\/wp\/v2\/product\/14479\/revisions\/18351"}],"wp:featuredmedia":[{"embeddable":true,"href":"https:\/\/geabarcelona.com\/ca\/wp-json\/wp\/v2\/media\/17873"}],"wp:attachment":[{"href":"https:\/\/geabarcelona.com\/ca\/wp-json\/wp\/v2\/media?parent=14479"}],"wp:term":[{"taxonomy":"product_brand","embeddable":true,"href":"https:\/\/geabarcelona.com\/ca\/wp-json\/wp\/v2\/product_brand?post=14479"},{"taxonomy":"product_cat","embeddable":true,"href":"https:\/\/geabarcelona.com\/ca\/wp-json\/wp\/v2\/product_cat?post=14479"},{"taxonomy":"product_tag","embeddable":true,"href":"https:\/\/geabarcelona.com\/ca\/wp-json\/wp\/v2\/product_tag?post=14479"}],"curies":[{"name":"wp","href":"https:\/\/api.w.org\/{rel}","templated":true}]}}