{"id":14484,"date":"2023-12-19T16:45:00","date_gmt":"2023-12-19T15:45:00","guid":{"rendered":"https:\/\/geabarcelona.com\/producto\/caja-turmalina-rosa\/"},"modified":"2025-12-11T11:41:14","modified_gmt":"2025-12-11T10:41:14","slug":"caja-turmalina-rosa","status":"publish","type":"product","link":"https:\/\/geabarcelona.com\/ca\/producte\/caja-turmalina-rosa\/","title":{"rendered":"CAJA TURMALINA ROSA"},"content":{"rendered":"<p>Selecci\u00f3n de turmalina rosa en bruto presentada en caja. Cada pieza conserva su forma natural y textura caracter\u00edstica. Ideal para terapias energ\u00e9ticas, coleccionismo o regalos.<br \/>\nventa por unidad<\/p>","protected":false},"excerpt":{"rendered":"<p>Caja Turmalina rosa \/<\/p>","protected":false},"featured_media":18433,"template":"","meta":[],"product_brand":[],"product_cat":[153,151,136],"product_tag":[232],"class_list":{"0":"post-14484","1":"product","2":"type-product","3":"status-publish","4":"has-post-thumbnail","6":"product_cat-catalogo","7":"product_cat-packs-cajas","8":"product_cat-piedras-gemas","9":"product_tag-turmalina","11":"first","12":"instock","13":"taxable","14":"shipping-taxable","15":"purchasable","16":"product-type-simple"},"_links":{"self":[{"href":"https:\/\/geabarcelona.com\/ca\/wp-json\/wp\/v2\/product\/14484","targetHints":{"allow":["GET"]}}],"collection":[{"href":"https:\/\/geabarcelona.com\/ca\/wp-json\/wp\/v2\/product"}],"about":[{"href":"https:\/\/geabarcelona.com\/ca\/wp-json\/wp\/v2\/types\/product"}],"version-history":[{"count":1,"href":"https:\/\/geabarcelona.com\/ca\/wp-json\/wp\/v2\/product\/14484\/revisions"}],"predecessor-version":[{"id":18375,"href":"https:\/\/geabarcelona.com\/ca\/wp-json\/wp\/v2\/product\/14484\/revisions\/18375"}],"wp:featuredmedia":[{"embeddable":true,"href":"https:\/\/geabarcelona.com\/ca\/wp-json\/wp\/v2\/media\/18433"}],"wp:attachment":[{"href":"https:\/\/geabarcelona.com\/ca\/wp-json\/wp\/v2\/media?parent=14484"}],"wp:term":[{"taxonomy":"product_brand","embeddable":true,"href":"https:\/\/geabarcelona.com\/ca\/wp-json\/wp\/v2\/product_brand?post=14484"},{"taxonomy":"product_cat","embeddable":true,"href":"https:\/\/geabarcelona.com\/ca\/wp-json\/wp\/v2\/product_cat?post=14484"},{"taxonomy":"product_tag","embeddable":true,"href":"https:\/\/geabarcelona.com\/ca\/wp-json\/wp\/v2\/product_tag?post=14484"}],"curies":[{"name":"wp","href":"https:\/\/api.w.org\/{rel}","templated":true}]}}