{"id":14742,"date":"2023-12-21T09:31:54","date_gmt":"2023-12-21T08:31:54","guid":{"rendered":"https:\/\/geabarcelona.com\/producto\/puntas-titaneo-base-cortada-2\/"},"modified":"2025-12-10T18:05:20","modified_gmt":"2025-12-10T17:05:20","slug":"puntas-titaneo-base-cortada-2","status":"publish","type":"product","link":"https:\/\/geabarcelona.com\/ca\/producte\/puntas-titaneo-base-cortada-2\/","title":{"rendered":"PUNTAS TITANEO BASE CORTADA."},"content":{"rendered":"<p>Puntas de base cortada de Aurea titaneo, ideales para decoraci\u00f3n, colecci\u00f3n o pr\u00e1cticas energ\u00e9ticas enfocadas en la calma emocional. venta por kg. <div style=\"width: 800px;\" class=\"wp-video\"><video class=\"wp-video-shortcode\" id=\"video-14742-1\" width=\"800\" height=\"800\" preload=\"metadata\" controls=\"controls\"><source type=\"video\/mp4\" src=\"https:\/\/geabarcelona.com\/wp-content\/uploads\/2023\/12\/img-2085_aXZGsKGD-1.mp4?_=1\" \/><a href=\"https:\/\/geabarcelona.com\/wp-content\/uploads\/2023\/12\/img-2085_aXZGsKGD-1.mp4\">https:\/\/geabarcelona.com\/wp-content\/uploads\/2023\/12\/img-2085_aXZGsKGD-1.mp4<\/a><\/video><\/div>\u00ab<\/p>","protected":false},"excerpt":{"rendered":"<p>puntas de aura titaneo con base \/ 15-15cm<\/p>","protected":false},"featured_media":0,"template":"","meta":[],"product_brand":[],"product_cat":[149],"product_tag":[347],"class_list":{"0":"post-14742","1":"product","2":"type-product","3":"status-publish","5":"product_cat-decoracion-lamparas","6":"product_tag-titaneo","8":"first","9":"instock","10":"taxable","11":"shipping-taxable","12":"purchasable","13":"product-type-simple"},"_links":{"self":[{"href":"https:\/\/geabarcelona.com\/ca\/wp-json\/wp\/v2\/product\/14742","targetHints":{"allow":["GET"]}}],"collection":[{"href":"https:\/\/geabarcelona.com\/ca\/wp-json\/wp\/v2\/product"}],"about":[{"href":"https:\/\/geabarcelona.com\/ca\/wp-json\/wp\/v2\/types\/product"}],"version-history":[{"count":1,"href":"https:\/\/geabarcelona.com\/ca\/wp-json\/wp\/v2\/product\/14742\/revisions"}],"predecessor-version":[{"id":19111,"href":"https:\/\/geabarcelona.com\/ca\/wp-json\/wp\/v2\/product\/14742\/revisions\/19111"}],"wp:attachment":[{"href":"https:\/\/geabarcelona.com\/ca\/wp-json\/wp\/v2\/media?parent=14742"}],"wp:term":[{"taxonomy":"product_brand","embeddable":true,"href":"https:\/\/geabarcelona.com\/ca\/wp-json\/wp\/v2\/product_brand?post=14742"},{"taxonomy":"product_cat","embeddable":true,"href":"https:\/\/geabarcelona.com\/ca\/wp-json\/wp\/v2\/product_cat?post=14742"},{"taxonomy":"product_tag","embeddable":true,"href":"https:\/\/geabarcelona.com\/ca\/wp-json\/wp\/v2\/product_tag?post=14742"}],"curies":[{"name":"wp","href":"https:\/\/api.w.org\/{rel}","templated":true}]}}