{"id":14752,"date":"2023-12-21T09:31:58","date_gmt":"2023-12-21T08:31:58","guid":{"rendered":"https:\/\/geabarcelona.com\/producto\/labradorita-pulida\/"},"modified":"2025-11-20T12:51:30","modified_gmt":"2025-11-20T11:51:30","slug":"labradorita-pulida","status":"publish","type":"product","link":"https:\/\/geabarcelona.com\/ca\/producte\/labradorita-pulida\/","title":{"rendered":"LLAVORADORA POLIDA FORMA LLIURE AAA"},"content":{"rendered":"<p>La labradorita es una piedra semipreciosa muy apreciada por su espectacular juego de colores, conocido como adularescencia, que muestra destellos azules, verdes, dorados o incluso p\u00farpuras al moverse bajo la luz.<\/p>\n<p>Es un mineral del grupo de los feldespatos, y se forma en rocas \u00edgneas bajo condiciones de alta presi\u00f3n y temperatura. Su nombre proviene de la pen\u00ednsula del Labrador, en nad\u00e1, donde fue descubierta por primera vez en el siglo XVIII, aunque tambi\u00e9n se encuentra en pa\u00edses como Madagascar, Finlandia y Rusia.<\/p>\n<p>Se le atribuyen propiedades m\u00edsticas y protectoras; se dice que estimula la intuici\u00f3n, fortalece el aura y act\u00faa como un escudo contra energ\u00edas negativas, siendo una piedra muy valorada en la meditaci\u00f3n y el trabajo espiritual.<\/p>\n<p>venta por kg. \u00ab<\/p>","protected":false},"excerpt":{"rendered":"<p>Labradorita natural pulida en forma de piedra rodada, con tama\u00f1o entre 2-3cm.<\/p>","protected":false},"featured_media":15538,"template":"","meta":[],"product_brand":[],"product_cat":[150],"product_tag":[184],"class_list":{"0":"post-14752","1":"product","2":"type-product","3":"status-publish","4":"has-post-thumbnail","6":"product_cat-rodados","7":"product_tag-labradorita","9":"first","10":"instock","11":"taxable","12":"shipping-taxable","13":"purchasable","14":"product-type-simple"},"_links":{"self":[{"href":"https:\/\/geabarcelona.com\/ca\/wp-json\/wp\/v2\/product\/14752","targetHints":{"allow":["GET"]}}],"collection":[{"href":"https:\/\/geabarcelona.com\/ca\/wp-json\/wp\/v2\/product"}],"about":[{"href":"https:\/\/geabarcelona.com\/ca\/wp-json\/wp\/v2\/types\/product"}],"version-history":[{"count":4,"href":"https:\/\/geabarcelona.com\/ca\/wp-json\/wp\/v2\/product\/14752\/revisions"}],"predecessor-version":[{"id":19121,"href":"https:\/\/geabarcelona.com\/ca\/wp-json\/wp\/v2\/product\/14752\/revisions\/19121"}],"wp:featuredmedia":[{"embeddable":true,"href":"https:\/\/geabarcelona.com\/ca\/wp-json\/wp\/v2\/media\/15538"}],"wp:attachment":[{"href":"https:\/\/geabarcelona.com\/ca\/wp-json\/wp\/v2\/media?parent=14752"}],"wp:term":[{"taxonomy":"product_brand","embeddable":true,"href":"https:\/\/geabarcelona.com\/ca\/wp-json\/wp\/v2\/product_brand?post=14752"},{"taxonomy":"product_cat","embeddable":true,"href":"https:\/\/geabarcelona.com\/ca\/wp-json\/wp\/v2\/product_cat?post=14752"},{"taxonomy":"product_tag","embeddable":true,"href":"https:\/\/geabarcelona.com\/ca\/wp-json\/wp\/v2\/product_tag?post=14752"}],"curies":[{"name":"wp","href":"https:\/\/api.w.org\/{rel}","templated":true}]}}