{"id":14763,"date":"2023-12-21T09:32:01","date_gmt":"2023-12-21T08:32:01","guid":{"rendered":"https:\/\/geabarcelona.com\/producto\/cuarzo-ahumado-natural\/"},"modified":"2025-06-19T08:43:49","modified_gmt":"2025-06-19T06:43:49","slug":"cuarzo-ahumado-natural","status":"publish","type":"product","link":"https:\/\/geabarcelona.com\/ca\/producto\/cuarzo-ahumado-natural\/","title":{"rendered":"QUARS FUMAT NATURAL"},"content":{"rendered":"<p>El cuarzo ahumado es una variedad del cuarzo que se distingue por su color marr\u00f3n o gris oscuro, que puede llegar a ser casi negro. Este color caracter\u00edstico se debe a la exposici\u00f3n natural a la radiaci\u00f3n durante largos periodos de tiempo, la cual afecta peque\u00f1as cantidades de aluminio presentes en el cristal.<\/p>\n<p>Se forma en el interior de la corteza terrestre, en condiciones similares a otros tipos de cuarzo, como el cristal de roca. Sin embargo, lo que lo diferencia es su exposici\u00f3n a fuentes naturales de radiaci\u00f3n, como el uranio presente en las rocas circundantes. Es com\u00fan encontrarlo en regiones con gran actividad geol\u00f3gica, como Brasil, Madagascar y Estados Unidos.<\/p>\n<p>En el \u00e1mbito energ\u00e9tico y espiritual, se le atribuyen propiedades protectoras y de enraizamiento. Se dice que ayuda a disipar la energ\u00eda negativa, aliviar el estr\u00e9s y promover la claridad mental.<br \/>\nventa por kg.<\/p>","protected":false},"excerpt":{"rendered":"<p>cuarzo ahumado natural en forma de piedra rodada, con tama\u00f1o entre 2-3cm.<\/p>","protected":false},"featured_media":0,"template":"","meta":[],"product_brand":[],"product_cat":[150],"product_tag":[311],"class_list":{"0":"post-14763","1":"product","2":"type-product","3":"status-publish","5":"product_cat-rodados","6":"product_tag-cuarzo-ahumado","8":"first","9":"outofstock","10":"taxable","11":"shipping-taxable","12":"purchasable","13":"product-type-simple"},"_links":{"self":[{"href":"https:\/\/geabarcelona.com\/ca\/wp-json\/wp\/v2\/product\/14763","targetHints":{"allow":["GET"]}}],"collection":[{"href":"https:\/\/geabarcelona.com\/ca\/wp-json\/wp\/v2\/product"}],"about":[{"href":"https:\/\/geabarcelona.com\/ca\/wp-json\/wp\/v2\/types\/product"}],"version-history":[{"count":2,"href":"https:\/\/geabarcelona.com\/ca\/wp-json\/wp\/v2\/product\/14763\/revisions"}],"predecessor-version":[{"id":18214,"href":"https:\/\/geabarcelona.com\/ca\/wp-json\/wp\/v2\/product\/14763\/revisions\/18214"}],"wp:attachment":[{"href":"https:\/\/geabarcelona.com\/ca\/wp-json\/wp\/v2\/media?parent=14763"}],"wp:term":[{"taxonomy":"product_brand","embeddable":true,"href":"https:\/\/geabarcelona.com\/ca\/wp-json\/wp\/v2\/product_brand?post=14763"},{"taxonomy":"product_cat","embeddable":true,"href":"https:\/\/geabarcelona.com\/ca\/wp-json\/wp\/v2\/product_cat?post=14763"},{"taxonomy":"product_tag","embeddable":true,"href":"https:\/\/geabarcelona.com\/ca\/wp-json\/wp\/v2\/product_tag?post=14763"}],"curies":[{"name":"wp","href":"https:\/\/api.w.org\/{rel}","templated":true}]}}