{"id":15275,"date":"2023-12-22T14:16:44","date_gmt":"2023-12-22T13:16:44","guid":{"rendered":"https:\/\/geabarcelona.com\/producto\/espato-de-islandia\/"},"modified":"2025-12-11T11:42:09","modified_gmt":"2025-12-11T10:42:09","slug":"espato-de-islandia","status":"publish","type":"product","link":"https:\/\/geabarcelona.com\/ca\/producte\/espato-de-islandia\/","title":{"rendered":"ESPATO DE ISLANDIA"},"content":{"rendered":"<p>La celestina se considera una piedra de calma y conexi\u00f3n espiritual, ideal para la meditaci\u00f3n, ya que se cree que favorece la paz interior, la claridad mental y la comunicaci\u00f3n con planos superiores. Tambi\u00e9n es utilizada para armonizar espacios y aliviar el estr\u00e9s o la ansiedad.Es una piedra que impulsa a evolucionar y a avanzar.<br \/>\nventa por kg.<\/p>","protected":false},"excerpt":{"rendered":"<p>Natural, 3-4cm.<\/p>","protected":false},"featured_media":18103,"template":"","meta":[],"product_brand":[],"product_cat":[153,136],"product_tag":[314],"class_list":{"0":"post-15275","1":"product","2":"type-product","3":"status-publish","4":"has-post-thumbnail","6":"product_cat-catalogo","7":"product_cat-piedras-gemas","8":"product_tag-celestina","10":"first","11":"instock","12":"taxable","13":"shipping-taxable","14":"purchasable","15":"product-type-simple"},"_links":{"self":[{"href":"https:\/\/geabarcelona.com\/ca\/wp-json\/wp\/v2\/product\/15275","targetHints":{"allow":["GET"]}}],"collection":[{"href":"https:\/\/geabarcelona.com\/ca\/wp-json\/wp\/v2\/product"}],"about":[{"href":"https:\/\/geabarcelona.com\/ca\/wp-json\/wp\/v2\/types\/product"}],"version-history":[{"count":2,"href":"https:\/\/geabarcelona.com\/ca\/wp-json\/wp\/v2\/product\/15275\/revisions"}],"predecessor-version":[{"id":18217,"href":"https:\/\/geabarcelona.com\/ca\/wp-json\/wp\/v2\/product\/15275\/revisions\/18217"}],"wp:featuredmedia":[{"embeddable":true,"href":"https:\/\/geabarcelona.com\/ca\/wp-json\/wp\/v2\/media\/18103"}],"wp:attachment":[{"href":"https:\/\/geabarcelona.com\/ca\/wp-json\/wp\/v2\/media?parent=15275"}],"wp:term":[{"taxonomy":"product_brand","embeddable":true,"href":"https:\/\/geabarcelona.com\/ca\/wp-json\/wp\/v2\/product_brand?post=15275"},{"taxonomy":"product_cat","embeddable":true,"href":"https:\/\/geabarcelona.com\/ca\/wp-json\/wp\/v2\/product_cat?post=15275"},{"taxonomy":"product_tag","embeddable":true,"href":"https:\/\/geabarcelona.com\/ca\/wp-json\/wp\/v2\/product_tag?post=15275"}],"curies":[{"name":"wp","href":"https:\/\/api.w.org\/{rel}","templated":true}]}}