{"id":15276,"date":"2023-12-22T14:16:44","date_gmt":"2023-12-22T13:16:44","guid":{"rendered":"https:\/\/geabarcelona.com\/producto\/obsidiana-copo-de-nieve\/"},"modified":"2025-12-11T11:41:59","modified_gmt":"2025-12-11T10:41:59","slug":"obsidiana-copo-de-nieve","status":"publish","type":"product","link":"https:\/\/geabarcelona.com\/ca\/producto\/obsidiana-copo-de-nieve\/","title":{"rendered":"OBSIDIANA COPO DE NIEVE"},"content":{"rendered":"<p>Obsidiana copo de nieve, un vidrio volc\u00e1nico natural con caracter\u00edsticas manchas blancas que recuerdan copos de nieve sobre su base negra brillante. Valorada por su energ\u00eda protectora y purificadora, ayuda a liberar bloqueos emocionales y fomentar la claridad mental.<br \/>\n venta por kg.\u00bb<\/p>","protected":false},"excerpt":{"rendered":"<p>Natural, 3-4cm.<\/p>","protected":false},"featured_media":18105,"template":"","meta":[],"product_brand":[],"product_cat":[153,136],"product_tag":[300],"class_list":{"0":"post-15276","1":"product","2":"type-product","3":"status-publish","4":"has-post-thumbnail","6":"product_cat-catalogo","7":"product_cat-piedras-gemas","8":"product_tag-obsidiana","10":"first","11":"instock","12":"taxable","13":"shipping-taxable","14":"purchasable","15":"product-type-simple"},"_links":{"self":[{"href":"https:\/\/geabarcelona.com\/ca\/wp-json\/wp\/v2\/product\/15276","targetHints":{"allow":["GET"]}}],"collection":[{"href":"https:\/\/geabarcelona.com\/ca\/wp-json\/wp\/v2\/product"}],"about":[{"href":"https:\/\/geabarcelona.com\/ca\/wp-json\/wp\/v2\/types\/product"}],"version-history":[{"count":2,"href":"https:\/\/geabarcelona.com\/ca\/wp-json\/wp\/v2\/product\/15276\/revisions"}],"predecessor-version":[{"id":19136,"href":"https:\/\/geabarcelona.com\/ca\/wp-json\/wp\/v2\/product\/15276\/revisions\/19136"}],"wp:featuredmedia":[{"embeddable":true,"href":"https:\/\/geabarcelona.com\/ca\/wp-json\/wp\/v2\/media\/18105"}],"wp:attachment":[{"href":"https:\/\/geabarcelona.com\/ca\/wp-json\/wp\/v2\/media?parent=15276"}],"wp:term":[{"taxonomy":"product_brand","embeddable":true,"href":"https:\/\/geabarcelona.com\/ca\/wp-json\/wp\/v2\/product_brand?post=15276"},{"taxonomy":"product_cat","embeddable":true,"href":"https:\/\/geabarcelona.com\/ca\/wp-json\/wp\/v2\/product_cat?post=15276"},{"taxonomy":"product_tag","embeddable":true,"href":"https:\/\/geabarcelona.com\/ca\/wp-json\/wp\/v2\/product_tag?post=15276"}],"curies":[{"name":"wp","href":"https:\/\/api.w.org\/{rel}","templated":true}]}}