{"id":15277,"date":"2023-12-22T14:16:44","date_gmt":"2023-12-22T13:16:44","guid":{"rendered":"https:\/\/geabarcelona.com\/producto\/azurita\/"},"modified":"2025-12-11T11:41:49","modified_gmt":"2025-12-11T10:41:49","slug":"azurita","status":"publish","type":"product","link":"https:\/\/geabarcelona.com\/ca\/producte\/azurita\/","title":{"rendered":"AZURITA"},"content":{"rendered":"<p>La azurita es un mineral de cobre conocido por su intenso color azul profundo y su brillo v\u00edtreo. Se forma en zonas de oxidaci\u00f3n de dep\u00f3sitos de cobre, principalmente en ambientes hidrotermales. Se encuentra en pa\u00edses como M\u00e9xico, Marruecos y Estados Unidos. Espiritualmente, la azurita es apreciada por sus propiedades para estimular la mente, potenciar la intuici\u00f3n y facilitar la comunicaci\u00f3n espiritual, ayudando a liberar bloqueos mentales y emocionales. venta por kg.\u00bb<\/p>","protected":false},"excerpt":{"rendered":"<p>Natural, 3-4cm.<\/p>","protected":false},"featured_media":18107,"template":"","meta":[],"product_brand":[],"product_cat":[153,136],"product_tag":[368],"class_list":{"0":"post-15277","1":"product","2":"type-product","3":"status-publish","4":"has-post-thumbnail","6":"product_cat-catalogo","7":"product_cat-piedras-gemas","8":"product_tag-azurita","10":"first","11":"instock","12":"taxable","13":"shipping-taxable","14":"purchasable","15":"product-type-simple"},"_links":{"self":[{"href":"https:\/\/geabarcelona.com\/ca\/wp-json\/wp\/v2\/product\/15277","targetHints":{"allow":["GET"]}}],"collection":[{"href":"https:\/\/geabarcelona.com\/ca\/wp-json\/wp\/v2\/product"}],"about":[{"href":"https:\/\/geabarcelona.com\/ca\/wp-json\/wp\/v2\/types\/product"}],"version-history":[{"count":2,"href":"https:\/\/geabarcelona.com\/ca\/wp-json\/wp\/v2\/product\/15277\/revisions"}],"predecessor-version":[{"id":19137,"href":"https:\/\/geabarcelona.com\/ca\/wp-json\/wp\/v2\/product\/15277\/revisions\/19137"}],"wp:featuredmedia":[{"embeddable":true,"href":"https:\/\/geabarcelona.com\/ca\/wp-json\/wp\/v2\/media\/18107"}],"wp:attachment":[{"href":"https:\/\/geabarcelona.com\/ca\/wp-json\/wp\/v2\/media?parent=15277"}],"wp:term":[{"taxonomy":"product_brand","embeddable":true,"href":"https:\/\/geabarcelona.com\/ca\/wp-json\/wp\/v2\/product_brand?post=15277"},{"taxonomy":"product_cat","embeddable":true,"href":"https:\/\/geabarcelona.com\/ca\/wp-json\/wp\/v2\/product_cat?post=15277"},{"taxonomy":"product_tag","embeddable":true,"href":"https:\/\/geabarcelona.com\/ca\/wp-json\/wp\/v2\/product_tag?post=15277"}],"curies":[{"name":"wp","href":"https:\/\/api.w.org\/{rel}","templated":true}]}}