{"id":15285,"date":"2023-12-22T14:16:45","date_gmt":"2023-12-22T13:16:45","guid":{"rendered":"https:\/\/geabarcelona.com\/producto\/berilo-aguamarina\/"},"modified":"2025-11-20T12:58:12","modified_gmt":"2025-11-20T11:58:12","slug":"berilo-aguamarina","status":"publish","type":"product","link":"https:\/\/geabarcelona.com\/ca\/producto\/berilo-aguamarina\/","title":{"rendered":"BERILO AGUAMARINA"},"content":{"rendered":"<p>La aguamarina es una variedad del berilo, reconocida por su color azul verdoso suave y su transparencia cristalina. Se forma en pegmatitas gran\u00edticas y se encuentra en pa\u00edses como Brasil, Madagascar y Pakist\u00e1n. Espiritualmente, la aguamarina es valorada por su energ\u00eda calmante y purificadora, que promueve la comunicaci\u00f3n clara, la serenidad emocional y la protecci\u00f3n durante viajes, especialmente en el agua. venta por kg.\u00bb<\/p>","protected":false},"excerpt":{"rendered":"<p>Natural, 3-4cm.<\/p>","protected":false},"featured_media":17903,"template":"","meta":[],"product_brand":[],"product_cat":[153],"product_tag":[371],"class_list":{"0":"post-15285","1":"product","2":"type-product","3":"status-publish","4":"has-post-thumbnail","6":"product_cat-catalogo","7":"product_tag-berilo","9":"first","10":"instock","11":"taxable","12":"shipping-taxable","13":"purchasable","14":"product-type-simple"},"_links":{"self":[{"href":"https:\/\/geabarcelona.com\/ca\/wp-json\/wp\/v2\/product\/15285","targetHints":{"allow":["GET"]}}],"collection":[{"href":"https:\/\/geabarcelona.com\/ca\/wp-json\/wp\/v2\/product"}],"about":[{"href":"https:\/\/geabarcelona.com\/ca\/wp-json\/wp\/v2\/types\/product"}],"version-history":[{"count":2,"href":"https:\/\/geabarcelona.com\/ca\/wp-json\/wp\/v2\/product\/15285\/revisions"}],"predecessor-version":[{"id":19143,"href":"https:\/\/geabarcelona.com\/ca\/wp-json\/wp\/v2\/product\/15285\/revisions\/19143"}],"wp:featuredmedia":[{"embeddable":true,"href":"https:\/\/geabarcelona.com\/ca\/wp-json\/wp\/v2\/media\/17903"}],"wp:attachment":[{"href":"https:\/\/geabarcelona.com\/ca\/wp-json\/wp\/v2\/media?parent=15285"}],"wp:term":[{"taxonomy":"product_brand","embeddable":true,"href":"https:\/\/geabarcelona.com\/ca\/wp-json\/wp\/v2\/product_brand?post=15285"},{"taxonomy":"product_cat","embeddable":true,"href":"https:\/\/geabarcelona.com\/ca\/wp-json\/wp\/v2\/product_cat?post=15285"},{"taxonomy":"product_tag","embeddable":true,"href":"https:\/\/geabarcelona.com\/ca\/wp-json\/wp\/v2\/product_tag?post=15285"}],"curies":[{"name":"wp","href":"https:\/\/api.w.org\/{rel}","templated":true}]}}