{"id":15286,"date":"2023-12-22T14:16:46","date_gmt":"2023-12-22T13:16:46","guid":{"rendered":"https:\/\/geabarcelona.com\/producto\/estilbita\/"},"modified":"2025-12-11T11:44:18","modified_gmt":"2025-12-11T10:44:18","slug":"estilbita","status":"publish","type":"product","link":"https:\/\/geabarcelona.com\/ca\/producte\/estilbita\/","title":{"rendered":"ESTILBITA"},"content":{"rendered":"<p>La estilbita es un mineral de zeolita caracterizado por sus cristales prism\u00e1ticos transl\u00facidos o transparentes, generalmente en tonos blancos o rosados. Se forma en cavidades volc\u00e1nicas y es extra\u00edda en India, Islandia y Estados Unidos. Espiritualmente, la estilbita es valorada por su energ\u00eda calmante, que facilita la meditaci\u00f3n profunda, la claridad mental y la conexi\u00f3n espiritual. venta por kg.\u00bb<\/p>","protected":false},"excerpt":{"rendered":"<p>Natural, 3-4cm.<\/p>","protected":false},"featured_media":18089,"template":"","meta":[],"product_brand":[],"product_cat":[153,147],"product_tag":[372],"class_list":{"0":"post-15286","1":"product","2":"type-product","3":"status-publish","4":"has-post-thumbnail","6":"product_cat-catalogo","7":"product_cat-terapias-hogar","8":"product_tag-estilbita","10":"first","11":"instock","12":"taxable","13":"shipping-taxable","14":"purchasable","15":"product-type-simple"},"_links":{"self":[{"href":"https:\/\/geabarcelona.com\/ca\/wp-json\/wp\/v2\/product\/15286","targetHints":{"allow":["GET"]}}],"collection":[{"href":"https:\/\/geabarcelona.com\/ca\/wp-json\/wp\/v2\/product"}],"about":[{"href":"https:\/\/geabarcelona.com\/ca\/wp-json\/wp\/v2\/types\/product"}],"version-history":[{"count":2,"href":"https:\/\/geabarcelona.com\/ca\/wp-json\/wp\/v2\/product\/15286\/revisions"}],"predecessor-version":[{"id":19144,"href":"https:\/\/geabarcelona.com\/ca\/wp-json\/wp\/v2\/product\/15286\/revisions\/19144"}],"wp:featuredmedia":[{"embeddable":true,"href":"https:\/\/geabarcelona.com\/ca\/wp-json\/wp\/v2\/media\/18089"}],"wp:attachment":[{"href":"https:\/\/geabarcelona.com\/ca\/wp-json\/wp\/v2\/media?parent=15286"}],"wp:term":[{"taxonomy":"product_brand","embeddable":true,"href":"https:\/\/geabarcelona.com\/ca\/wp-json\/wp\/v2\/product_brand?post=15286"},{"taxonomy":"product_cat","embeddable":true,"href":"https:\/\/geabarcelona.com\/ca\/wp-json\/wp\/v2\/product_cat?post=15286"},{"taxonomy":"product_tag","embeddable":true,"href":"https:\/\/geabarcelona.com\/ca\/wp-json\/wp\/v2\/product_tag?post=15286"}],"curies":[{"name":"wp","href":"https:\/\/api.w.org\/{rel}","templated":true}]}}