{"id":15289,"date":"2023-12-22T14:16:46","date_gmt":"2023-12-22T13:16:46","guid":{"rendered":"https:\/\/geabarcelona.com\/producto\/lapislazuli\/"},"modified":"2026-02-10T15:58:33","modified_gmt":"2026-02-10T14:58:33","slug":"lapislazuli","status":"publish","type":"product","link":"https:\/\/geabarcelona.com\/ca\/producte\/lapislazuli\/","title":{"rendered":"LAPISLAZULI"},"content":{"rendered":"<p>El lapisl\u00e1zuli es una piedra semipreciosa compuesta principalmente por lazurita, que le otorga su caracter\u00edstico intenso color azul. Se forma principalmente en rocas metam\u00f3rficas y es extra\u00eddo en regiones como Afganist\u00e1n, Chile, Rusia y Estados Unidos.<\/p>\n<p>En el \u00e1mbito espiritual, el lapisl\u00e1zuli es considerado una piedra de sabidur\u00eda, verdad y comunicaci\u00f3n.<br \/>\nventa por kg.\u00bb<\/p>","protected":false},"excerpt":{"rendered":"<p>Natural, 3-4cm.<\/p>","protected":false},"featured_media":13499,"template":"","meta":[],"product_brand":[],"product_cat":[153,136,147],"product_tag":[335],"class_list":{"0":"post-15289","1":"product","2":"type-product","3":"status-publish","4":"has-post-thumbnail","6":"product_cat-catalogo","7":"product_cat-piedras-gemas","8":"product_cat-terapias-hogar","9":"product_tag-lapislazuli","11":"first","12":"instock","13":"taxable","14":"shipping-taxable","15":"purchasable","16":"product-type-simple"},"_links":{"self":[{"href":"https:\/\/geabarcelona.com\/ca\/wp-json\/wp\/v2\/product\/15289","targetHints":{"allow":["GET"]}}],"collection":[{"href":"https:\/\/geabarcelona.com\/ca\/wp-json\/wp\/v2\/product"}],"about":[{"href":"https:\/\/geabarcelona.com\/ca\/wp-json\/wp\/v2\/types\/product"}],"version-history":[{"count":3,"href":"https:\/\/geabarcelona.com\/ca\/wp-json\/wp\/v2\/product\/15289\/revisions"}],"predecessor-version":[{"id":19456,"href":"https:\/\/geabarcelona.com\/ca\/wp-json\/wp\/v2\/product\/15289\/revisions\/19456"}],"wp:featuredmedia":[{"embeddable":true,"href":"https:\/\/geabarcelona.com\/ca\/wp-json\/wp\/v2\/media\/13499"}],"wp:attachment":[{"href":"https:\/\/geabarcelona.com\/ca\/wp-json\/wp\/v2\/media?parent=15289"}],"wp:term":[{"taxonomy":"product_brand","embeddable":true,"href":"https:\/\/geabarcelona.com\/ca\/wp-json\/wp\/v2\/product_brand?post=15289"},{"taxonomy":"product_cat","embeddable":true,"href":"https:\/\/geabarcelona.com\/ca\/wp-json\/wp\/v2\/product_cat?post=15289"},{"taxonomy":"product_tag","embeddable":true,"href":"https:\/\/geabarcelona.com\/ca\/wp-json\/wp\/v2\/product_tag?post=15289"}],"curies":[{"name":"wp","href":"https:\/\/api.w.org\/{rel}","templated":true}]}}