{"id":15290,"date":"2023-12-22T14:16:46","date_gmt":"2023-12-22T13:16:46","guid":{"rendered":"https:\/\/geabarcelona.com\/producto\/lepidolita\/"},"modified":"2025-12-11T11:43:57","modified_gmt":"2025-12-11T10:43:57","slug":"lepidolita","status":"publish","type":"product","link":"https:\/\/geabarcelona.com\/ca\/producte\/lepidolita\/","title":{"rendered":"LEPIDOLITA"},"content":{"rendered":"<p>La lepidolita es un mineral del grupo de las micas, reconocido por su caracter\u00edstico color lila o p\u00farpura debido a su contenido de litio. Se forma en pegmatitas gran\u00edticas y es extra\u00edda principalmente en Brasil, Estados Unidos y Madagascar. Espiritualmente, la lepidolita es valorada por sus propiedades calmantes y equilibrantes, ayudando a reducir el estr\u00e9s, la ansiedad y promoviendo la paz interior y la estabilidad emocional.<br \/>\n venta por kg.\u00bb<\/p>","protected":false},"excerpt":{"rendered":"<p>Natural, 3-4cm.<\/p>","protected":false},"featured_media":18093,"template":"","meta":[],"product_brand":[],"product_cat":[153,136],"product_tag":[350],"class_list":{"0":"post-15290","1":"product","2":"type-product","3":"status-publish","4":"has-post-thumbnail","6":"product_cat-catalogo","7":"product_cat-piedras-gemas","8":"product_tag-lepidolita","10":"first","11":"instock","12":"taxable","13":"shipping-taxable","14":"purchasable","15":"product-type-simple"},"_links":{"self":[{"href":"https:\/\/geabarcelona.com\/ca\/wp-json\/wp\/v2\/product\/15290","targetHints":{"allow":["GET"]}}],"collection":[{"href":"https:\/\/geabarcelona.com\/ca\/wp-json\/wp\/v2\/product"}],"about":[{"href":"https:\/\/geabarcelona.com\/ca\/wp-json\/wp\/v2\/types\/product"}],"version-history":[{"count":2,"href":"https:\/\/geabarcelona.com\/ca\/wp-json\/wp\/v2\/product\/15290\/revisions"}],"predecessor-version":[{"id":19148,"href":"https:\/\/geabarcelona.com\/ca\/wp-json\/wp\/v2\/product\/15290\/revisions\/19148"}],"wp:featuredmedia":[{"embeddable":true,"href":"https:\/\/geabarcelona.com\/ca\/wp-json\/wp\/v2\/media\/18093"}],"wp:attachment":[{"href":"https:\/\/geabarcelona.com\/ca\/wp-json\/wp\/v2\/media?parent=15290"}],"wp:term":[{"taxonomy":"product_brand","embeddable":true,"href":"https:\/\/geabarcelona.com\/ca\/wp-json\/wp\/v2\/product_brand?post=15290"},{"taxonomy":"product_cat","embeddable":true,"href":"https:\/\/geabarcelona.com\/ca\/wp-json\/wp\/v2\/product_cat?post=15290"},{"taxonomy":"product_tag","embeddable":true,"href":"https:\/\/geabarcelona.com\/ca\/wp-json\/wp\/v2\/product_tag?post=15290"}],"curies":[{"name":"wp","href":"https:\/\/api.w.org\/{rel}","templated":true}]}}