{"id":15293,"date":"2023-12-22T14:16:47","date_gmt":"2023-12-22T13:16:47","guid":{"rendered":"https:\/\/geabarcelona.com\/producto\/opalo\/"},"modified":"2025-12-11T13:03:11","modified_gmt":"2025-12-11T12:03:11","slug":"opalo","status":"publish","type":"product","link":"https:\/\/geabarcelona.com\/ca\/producte\/opalo\/","title":{"rendered":"OPALO"},"content":{"rendered":"<p>VENTA POR GRAMO<\/p>\n<p>El \u00f3palo es una gema preciosa conocida por su asombrosa capacidad de reflejar los colores del arco\u00edris en su superficie, un fen\u00f3meno llamado opalescencia. A diferencia de otras gemas que son cristales, el \u00f3palo es un mineraloide, lo que significa que no tiene una estructura cristalina definida. Su composici\u00f3n qu\u00edmica es di\u00f3xido de silicio hidratado, lo contiene entre un 5 y un 10 por ciento de agua. venta por kg.\u00bb<\/p>","protected":false},"excerpt":{"rendered":"<p>Natural, 3-4cm.<\/p>","protected":false},"featured_media":15837,"template":"","meta":[],"product_brand":[],"product_cat":[153,136,147],"product_tag":[310],"class_list":{"0":"post-15293","1":"product","2":"type-product","3":"status-publish","4":"has-post-thumbnail","6":"product_cat-catalogo","7":"product_cat-piedras-gemas","8":"product_cat-terapias-hogar","9":"product_tag-opalo","11":"first","12":"instock","13":"taxable","14":"shipping-taxable","15":"purchasable","16":"product-type-simple"},"_links":{"self":[{"href":"https:\/\/geabarcelona.com\/ca\/wp-json\/wp\/v2\/product\/15293","targetHints":{"allow":["GET"]}}],"collection":[{"href":"https:\/\/geabarcelona.com\/ca\/wp-json\/wp\/v2\/product"}],"about":[{"href":"https:\/\/geabarcelona.com\/ca\/wp-json\/wp\/v2\/types\/product"}],"version-history":[{"count":3,"href":"https:\/\/geabarcelona.com\/ca\/wp-json\/wp\/v2\/product\/15293\/revisions"}],"predecessor-version":[{"id":18978,"href":"https:\/\/geabarcelona.com\/ca\/wp-json\/wp\/v2\/product\/15293\/revisions\/18978"}],"wp:featuredmedia":[{"embeddable":true,"href":"https:\/\/geabarcelona.com\/ca\/wp-json\/wp\/v2\/media\/15837"}],"wp:attachment":[{"href":"https:\/\/geabarcelona.com\/ca\/wp-json\/wp\/v2\/media?parent=15293"}],"wp:term":[{"taxonomy":"product_brand","embeddable":true,"href":"https:\/\/geabarcelona.com\/ca\/wp-json\/wp\/v2\/product_brand?post=15293"},{"taxonomy":"product_cat","embeddable":true,"href":"https:\/\/geabarcelona.com\/ca\/wp-json\/wp\/v2\/product_cat?post=15293"},{"taxonomy":"product_tag","embeddable":true,"href":"https:\/\/geabarcelona.com\/ca\/wp-json\/wp\/v2\/product_tag?post=15293"}],"curies":[{"name":"wp","href":"https:\/\/api.w.org\/{rel}","templated":true}]}}