{"id":15304,"date":"2023-12-22T14:16:49","date_gmt":"2023-12-22T13:16:49","guid":{"rendered":"https:\/\/geabarcelona.com\/producto\/vanadinita-cristal\/"},"modified":"2025-12-11T13:04:05","modified_gmt":"2025-12-11T12:04:05","slug":"vanadinita-cristal","status":"publish","type":"product","link":"https:\/\/geabarcelona.com\/ca\/producte\/vanadinita-cristal\/","title":{"rendered":"VANADINITA CRISTAL"},"content":{"rendered":"<p>La vanadinita es un mineral de vanadio y plomo que se presenta en cristales hexagonales de color rojo anaranjado intenso a marr\u00f3n. Se forma en dep\u00f3sitos secundarios de \u00f3xidos en zonas \u00e1ridas y es com\u00fan en lugares como Marruecos, M\u00e9xico y Estados Unidos. Espiritualmente, la vanadinita es apreciada por su energ\u00eda revitalizante, que potencia la fuerza vital, la motivaci\u00f3n y la claridad mental. venta por kg.\u00bb<\/p>","protected":false},"excerpt":{"rendered":"<p>Natural, 3-4cm.<\/p>","protected":false},"featured_media":18069,"template":"","meta":[],"product_brand":[],"product_cat":[153,147],"product_tag":[383],"class_list":{"0":"post-15304","1":"product","2":"type-product","3":"status-publish","4":"has-post-thumbnail","6":"product_cat-catalogo","7":"product_cat-terapias-hogar","8":"product_tag-vanadinita","10":"first","11":"instock","12":"taxable","13":"shipping-taxable","14":"purchasable","15":"product-type-simple"},"_links":{"self":[{"href":"https:\/\/geabarcelona.com\/ca\/wp-json\/wp\/v2\/product\/15304","targetHints":{"allow":["GET"]}}],"collection":[{"href":"https:\/\/geabarcelona.com\/ca\/wp-json\/wp\/v2\/product"}],"about":[{"href":"https:\/\/geabarcelona.com\/ca\/wp-json\/wp\/v2\/types\/product"}],"version-history":[{"count":2,"href":"https:\/\/geabarcelona.com\/ca\/wp-json\/wp\/v2\/product\/15304\/revisions"}],"predecessor-version":[{"id":19158,"href":"https:\/\/geabarcelona.com\/ca\/wp-json\/wp\/v2\/product\/15304\/revisions\/19158"}],"wp:featuredmedia":[{"embeddable":true,"href":"https:\/\/geabarcelona.com\/ca\/wp-json\/wp\/v2\/media\/18069"}],"wp:attachment":[{"href":"https:\/\/geabarcelona.com\/ca\/wp-json\/wp\/v2\/media?parent=15304"}],"wp:term":[{"taxonomy":"product_brand","embeddable":true,"href":"https:\/\/geabarcelona.com\/ca\/wp-json\/wp\/v2\/product_brand?post=15304"},{"taxonomy":"product_cat","embeddable":true,"href":"https:\/\/geabarcelona.com\/ca\/wp-json\/wp\/v2\/product_cat?post=15304"},{"taxonomy":"product_tag","embeddable":true,"href":"https:\/\/geabarcelona.com\/ca\/wp-json\/wp\/v2\/product_tag?post=15304"}],"curies":[{"name":"wp","href":"https:\/\/api.w.org\/{rel}","templated":true}]}}