{"id":15305,"date":"2023-12-22T14:16:49","date_gmt":"2023-12-22T13:16:49","guid":{"rendered":"https:\/\/geabarcelona.com\/producto\/goethita\/"},"modified":"2025-12-10T18:11:15","modified_gmt":"2025-12-10T17:11:15","slug":"goethita","status":"publish","type":"product","link":"https:\/\/geabarcelona.com\/ca\/producto\/goethita\/","title":{"rendered":"GOETHITA"},"content":{"rendered":"<p>La goethita es un mineral de \u00f3xido de hierro que se presenta en tonos marrones, amarillos y negros, con un brillo terroso a met\u00e1lico. Se forma principalmente en ambientes oxidativos y sedimentarios, y es com\u00fan en dep\u00f3sitos de hierro alrededor del mundo. Espiritualmente, la goethita es conocida por su capacidad para aportar estabilidad, protecci\u00f3n energ\u00e9tica y conexi\u00f3n con la tierra. venta por kg.\u00bb<\/p>","protected":false},"excerpt":{"rendered":"<p>Natural, 3-4cm.<\/p>","protected":false},"featured_media":0,"template":"","meta":[],"product_brand":[],"product_cat":[153],"product_tag":[384],"class_list":{"0":"post-15305","1":"product","2":"type-product","3":"status-publish","5":"product_cat-catalogo","6":"product_tag-goethita","8":"first","9":"instock","10":"taxable","11":"shipping-taxable","12":"purchasable","13":"product-type-simple"},"_links":{"self":[{"href":"https:\/\/geabarcelona.com\/ca\/wp-json\/wp\/v2\/product\/15305","targetHints":{"allow":["GET"]}}],"collection":[{"href":"https:\/\/geabarcelona.com\/ca\/wp-json\/wp\/v2\/product"}],"about":[{"href":"https:\/\/geabarcelona.com\/ca\/wp-json\/wp\/v2\/types\/product"}],"version-history":[{"count":1,"href":"https:\/\/geabarcelona.com\/ca\/wp-json\/wp\/v2\/product\/15305\/revisions"}],"predecessor-version":[{"id":19159,"href":"https:\/\/geabarcelona.com\/ca\/wp-json\/wp\/v2\/product\/15305\/revisions\/19159"}],"wp:attachment":[{"href":"https:\/\/geabarcelona.com\/ca\/wp-json\/wp\/v2\/media?parent=15305"}],"wp:term":[{"taxonomy":"product_brand","embeddable":true,"href":"https:\/\/geabarcelona.com\/ca\/wp-json\/wp\/v2\/product_brand?post=15305"},{"taxonomy":"product_cat","embeddable":true,"href":"https:\/\/geabarcelona.com\/ca\/wp-json\/wp\/v2\/product_cat?post=15305"},{"taxonomy":"product_tag","embeddable":true,"href":"https:\/\/geabarcelona.com\/ca\/wp-json\/wp\/v2\/product_tag?post=15305"}],"curies":[{"name":"wp","href":"https:\/\/api.w.org\/{rel}","templated":true}]}}