{"id":15314,"date":"2023-12-22T14:16:50","date_gmt":"2023-12-22T13:16:50","guid":{"rendered":"https:\/\/geabarcelona.com\/producto\/heulandita\/"},"modified":"2025-12-10T18:11:29","modified_gmt":"2025-12-10T17:11:29","slug":"heulandita","status":"publish","type":"product","link":"https:\/\/geabarcelona.com\/ca\/producto\/heulandita\/","title":{"rendered":"HEULANDITA"},"content":{"rendered":"<p>La heulandita es un mineral del grupo de las zeolitas, conocido por sus cristales prism\u00e1ticos y su brillo v\u00edtreo a perlado. Se encuentra com\u00fanmente en cavidades volc\u00e1nicas y dep\u00f3sitos hidrotermales, con yacimientos en India, Islandia y Estados Unidos. Espiritualmente, la heulandita se asocia con la claridad mental, la conexi\u00f3n espiritual y la armonizaci\u00f3n energ\u00e9tica. venta por kg.\u00bb<\/p>","protected":false},"excerpt":{"rendered":"<p>Natural, 3-4cm.<\/p>","protected":false},"featured_media":0,"template":"","meta":[],"product_brand":[],"product_cat":[153],"product_tag":[388],"class_list":{"0":"post-15314","1":"product","2":"type-product","3":"status-publish","5":"product_cat-catalogo","6":"product_tag-heulandita","8":"first","9":"instock","10":"taxable","11":"shipping-taxable","12":"purchasable","13":"product-type-simple"},"_links":{"self":[{"href":"https:\/\/geabarcelona.com\/ca\/wp-json\/wp\/v2\/product\/15314","targetHints":{"allow":["GET"]}}],"collection":[{"href":"https:\/\/geabarcelona.com\/ca\/wp-json\/wp\/v2\/product"}],"about":[{"href":"https:\/\/geabarcelona.com\/ca\/wp-json\/wp\/v2\/types\/product"}],"version-history":[{"count":1,"href":"https:\/\/geabarcelona.com\/ca\/wp-json\/wp\/v2\/product\/15314\/revisions"}],"predecessor-version":[{"id":19167,"href":"https:\/\/geabarcelona.com\/ca\/wp-json\/wp\/v2\/product\/15314\/revisions\/19167"}],"wp:attachment":[{"href":"https:\/\/geabarcelona.com\/ca\/wp-json\/wp\/v2\/media?parent=15314"}],"wp:term":[{"taxonomy":"product_brand","embeddable":true,"href":"https:\/\/geabarcelona.com\/ca\/wp-json\/wp\/v2\/product_brand?post=15314"},{"taxonomy":"product_cat","embeddable":true,"href":"https:\/\/geabarcelona.com\/ca\/wp-json\/wp\/v2\/product_cat?post=15314"},{"taxonomy":"product_tag","embeddable":true,"href":"https:\/\/geabarcelona.com\/ca\/wp-json\/wp\/v2\/product_tag?post=15314"}],"curies":[{"name":"wp","href":"https:\/\/api.w.org\/{rel}","templated":true}]}}