{"id":15315,"date":"2023-12-22T14:16:50","date_gmt":"2023-12-22T13:16:50","guid":{"rendered":"https:\/\/geabarcelona.com\/producto\/dolomita\/"},"modified":"2025-12-11T12:59:40","modified_gmt":"2025-12-11T11:59:40","slug":"dolomita","status":"publish","type":"product","link":"https:\/\/geabarcelona.com\/ca\/producte\/dolomita\/","title":{"rendered":"DOLOMITA"},"content":{"rendered":"<p>La dolomita es un mineral carbonatado compuesto por calcio y magnesio (CaMg(CO\u2083)\u2082), con un brillo v\u00edtreo y colores que var\u00edan entre blanco, gris, rosado y beige. Se forma principalmente en ambientes sedimentarios y metam\u00f3rficos y se encuentra en regiones como Italia, Estados Unidos y M\u00e9xico. Espiritualmente, la dolomita es valorada por su capacidad para equilibrar emociones, promover la tranquilidad y facilitar la conexi\u00f3n con la tierra y la estabilidad interior. venta por kg.\u00bb<\/p>","protected":false},"excerpt":{"rendered":"<p>Natural, 3-4cm.<\/p>","protected":false},"featured_media":18067,"template":"","meta":[],"product_brand":[],"product_cat":[153,147],"product_tag":[389],"class_list":{"0":"post-15315","1":"product","2":"type-product","3":"status-publish","4":"has-post-thumbnail","6":"product_cat-catalogo","7":"product_cat-terapias-hogar","8":"product_tag-dolomita","10":"first","11":"instock","12":"taxable","13":"shipping-taxable","14":"purchasable","15":"product-type-simple"},"_links":{"self":[{"href":"https:\/\/geabarcelona.com\/ca\/wp-json\/wp\/v2\/product\/15315","targetHints":{"allow":["GET"]}}],"collection":[{"href":"https:\/\/geabarcelona.com\/ca\/wp-json\/wp\/v2\/product"}],"about":[{"href":"https:\/\/geabarcelona.com\/ca\/wp-json\/wp\/v2\/types\/product"}],"version-history":[{"count":2,"href":"https:\/\/geabarcelona.com\/ca\/wp-json\/wp\/v2\/product\/15315\/revisions"}],"predecessor-version":[{"id":19168,"href":"https:\/\/geabarcelona.com\/ca\/wp-json\/wp\/v2\/product\/15315\/revisions\/19168"}],"wp:featuredmedia":[{"embeddable":true,"href":"https:\/\/geabarcelona.com\/ca\/wp-json\/wp\/v2\/media\/18067"}],"wp:attachment":[{"href":"https:\/\/geabarcelona.com\/ca\/wp-json\/wp\/v2\/media?parent=15315"}],"wp:term":[{"taxonomy":"product_brand","embeddable":true,"href":"https:\/\/geabarcelona.com\/ca\/wp-json\/wp\/v2\/product_brand?post=15315"},{"taxonomy":"product_cat","embeddable":true,"href":"https:\/\/geabarcelona.com\/ca\/wp-json\/wp\/v2\/product_cat?post=15315"},{"taxonomy":"product_tag","embeddable":true,"href":"https:\/\/geabarcelona.com\/ca\/wp-json\/wp\/v2\/product_tag?post=15315"}],"curies":[{"name":"wp","href":"https:\/\/api.w.org\/{rel}","templated":true}]}}