{"id":15318,"date":"2023-12-22T14:16:51","date_gmt":"2023-12-22T13:16:51","guid":{"rendered":"https:\/\/geabarcelona.com\/producto\/calcedonia-azul\/"},"modified":"2025-12-11T13:00:17","modified_gmt":"2025-12-11T12:00:17","slug":"calcedonia-azul","status":"publish","type":"product","link":"https:\/\/geabarcelona.com\/ca\/producto\/calcedonia-azul\/","title":{"rendered":"CALCEDONIA AZUL"},"content":{"rendered":"<p>La calcedonia azul es una variedad de s\u00edlice microcristalina con un tono azul suave y transl\u00facido. Se forma en cavidades volc\u00e1nicas y dep\u00f3sitos sedimentarios, y es extra\u00edda en lugares como Brasil, India y Turqu\u00eda. Espiritualmente, se asocia con la calma, la comunicaci\u00f3n armoniosa y la reducci\u00f3n del estr\u00e9s emocional. venta por kg.\u00bb<\/p>","protected":false},"excerpt":{"rendered":"<p>Natural, 3-4cm.<\/p>","protected":false},"featured_media":18055,"template":"","meta":[],"product_brand":[],"product_cat":[153,147],"product_tag":[378],"class_list":{"0":"post-15318","1":"product","2":"type-product","3":"status-publish","4":"has-post-thumbnail","6":"product_cat-catalogo","7":"product_cat-terapias-hogar","8":"product_tag-calcedonia","10":"first","11":"instock","12":"taxable","13":"shipping-taxable","14":"purchasable","15":"product-type-simple"},"_links":{"self":[{"href":"https:\/\/geabarcelona.com\/ca\/wp-json\/wp\/v2\/product\/15318","targetHints":{"allow":["GET"]}}],"collection":[{"href":"https:\/\/geabarcelona.com\/ca\/wp-json\/wp\/v2\/product"}],"about":[{"href":"https:\/\/geabarcelona.com\/ca\/wp-json\/wp\/v2\/types\/product"}],"version-history":[{"count":2,"href":"https:\/\/geabarcelona.com\/ca\/wp-json\/wp\/v2\/product\/15318\/revisions"}],"predecessor-version":[{"id":19170,"href":"https:\/\/geabarcelona.com\/ca\/wp-json\/wp\/v2\/product\/15318\/revisions\/19170"}],"wp:featuredmedia":[{"embeddable":true,"href":"https:\/\/geabarcelona.com\/ca\/wp-json\/wp\/v2\/media\/18055"}],"wp:attachment":[{"href":"https:\/\/geabarcelona.com\/ca\/wp-json\/wp\/v2\/media?parent=15318"}],"wp:term":[{"taxonomy":"product_brand","embeddable":true,"href":"https:\/\/geabarcelona.com\/ca\/wp-json\/wp\/v2\/product_brand?post=15318"},{"taxonomy":"product_cat","embeddable":true,"href":"https:\/\/geabarcelona.com\/ca\/wp-json\/wp\/v2\/product_cat?post=15318"},{"taxonomy":"product_tag","embeddable":true,"href":"https:\/\/geabarcelona.com\/ca\/wp-json\/wp\/v2\/product_tag?post=15318"}],"curies":[{"name":"wp","href":"https:\/\/api.w.org\/{rel}","templated":true}]}}