{"id":15322,"date":"2023-12-22T14:16:51","date_gmt":"2023-12-22T13:16:51","guid":{"rendered":"https:\/\/geabarcelona.com\/producto\/iolita\/"},"modified":"2025-12-11T12:59:59","modified_gmt":"2025-12-11T11:59:59","slug":"iolita","status":"publish","type":"product","link":"https:\/\/geabarcelona.com\/ca\/producte\/iolita\/","title":{"rendered":"IOLITA"},"content":{"rendered":"<p>La iolita es un mineral de silicato con un caracter\u00edstico color azul viol\u00e1ceo que puede cambiar seg\u00fan el \u00e1ngulo de visi\u00f3n (pleocro\u00edsmo). Se forma en rocas metam\u00f3rficas y pegmatitas, con principales yacimientos en India, Brasil y Sri Lanka. Espiritualmente, la iolita es conocida por ayudar a la clarividencia, potenciar la intuici\u00f3n y facilitar la comunicaci\u00f3n espiritual. venta por kg.\u00bb<\/p>","protected":false},"excerpt":{"rendered":"<p>Natural, 3-4cm.<\/p>","protected":false},"featured_media":18057,"template":"","meta":[],"product_brand":[],"product_cat":[153,147],"product_tag":[391],"class_list":{"0":"post-15322","1":"product","2":"type-product","3":"status-publish","4":"has-post-thumbnail","6":"product_cat-catalogo","7":"product_cat-terapias-hogar","8":"product_tag-iolita","10":"first","11":"instock","12":"taxable","13":"shipping-taxable","14":"purchasable","15":"product-type-simple"},"_links":{"self":[{"href":"https:\/\/geabarcelona.com\/ca\/wp-json\/wp\/v2\/product\/15322","targetHints":{"allow":["GET"]}}],"collection":[{"href":"https:\/\/geabarcelona.com\/ca\/wp-json\/wp\/v2\/product"}],"about":[{"href":"https:\/\/geabarcelona.com\/ca\/wp-json\/wp\/v2\/types\/product"}],"version-history":[{"count":2,"href":"https:\/\/geabarcelona.com\/ca\/wp-json\/wp\/v2\/product\/15322\/revisions"}],"predecessor-version":[{"id":19172,"href":"https:\/\/geabarcelona.com\/ca\/wp-json\/wp\/v2\/product\/15322\/revisions\/19172"}],"wp:featuredmedia":[{"embeddable":true,"href":"https:\/\/geabarcelona.com\/ca\/wp-json\/wp\/v2\/media\/18057"}],"wp:attachment":[{"href":"https:\/\/geabarcelona.com\/ca\/wp-json\/wp\/v2\/media?parent=15322"}],"wp:term":[{"taxonomy":"product_brand","embeddable":true,"href":"https:\/\/geabarcelona.com\/ca\/wp-json\/wp\/v2\/product_brand?post=15322"},{"taxonomy":"product_cat","embeddable":true,"href":"https:\/\/geabarcelona.com\/ca\/wp-json\/wp\/v2\/product_cat?post=15322"},{"taxonomy":"product_tag","embeddable":true,"href":"https:\/\/geabarcelona.com\/ca\/wp-json\/wp\/v2\/product_tag?post=15322"}],"curies":[{"name":"wp","href":"https:\/\/api.w.org\/{rel}","templated":true}]}}