{"id":15326,"date":"2023-12-22T14:16:52","date_gmt":"2023-12-22T13:16:52","guid":{"rendered":"https:\/\/geabarcelona.com\/producto\/piedra-luna\/"},"modified":"2025-12-11T11:47:45","modified_gmt":"2025-12-11T10:47:45","slug":"piedra-luna","status":"publish","type":"product","link":"https:\/\/geabarcelona.com\/ca\/producte\/piedra-luna\/","title":{"rendered":"PEDRA LLUNA"},"content":{"rendered":"<p>La piedra luna es un mineral conocido por su efecto \u00f3ptico llamado adularescencia, que produce un brillo suave y plateado en su superficie. Se forma en rocas \u00edgneas y metam\u00f3rficas y se extrae principalmente en Sri Lanka, India y Madagascar. Espiritualmente, la piedra luna es considerada una piedra de intuici\u00f3n, equilibrio emocional y protecci\u00f3n femenina, favoreciendo la conexi\u00f3n con las emociones y ciclos naturales. venta por kg.\u00bb<\/p>","protected":false},"excerpt":{"rendered":"<p>Natural, 3-4cm.<\/p>","protected":false},"featured_media":18051,"template":"","meta":[],"product_brand":[],"product_cat":[153,147],"product_tag":[392],"class_list":{"0":"post-15326","1":"product","2":"type-product","3":"status-publish","4":"has-post-thumbnail","6":"product_cat-catalogo","7":"product_cat-terapias-hogar","8":"product_tag-piedra-luna","10":"first","11":"instock","12":"taxable","13":"shipping-taxable","14":"purchasable","15":"product-type-simple"},"_links":{"self":[{"href":"https:\/\/geabarcelona.com\/ca\/wp-json\/wp\/v2\/product\/15326","targetHints":{"allow":["GET"]}}],"collection":[{"href":"https:\/\/geabarcelona.com\/ca\/wp-json\/wp\/v2\/product"}],"about":[{"href":"https:\/\/geabarcelona.com\/ca\/wp-json\/wp\/v2\/types\/product"}],"version-history":[{"count":2,"href":"https:\/\/geabarcelona.com\/ca\/wp-json\/wp\/v2\/product\/15326\/revisions"}],"predecessor-version":[{"id":19174,"href":"https:\/\/geabarcelona.com\/ca\/wp-json\/wp\/v2\/product\/15326\/revisions\/19174"}],"wp:featuredmedia":[{"embeddable":true,"href":"https:\/\/geabarcelona.com\/ca\/wp-json\/wp\/v2\/media\/18051"}],"wp:attachment":[{"href":"https:\/\/geabarcelona.com\/ca\/wp-json\/wp\/v2\/media?parent=15326"}],"wp:term":[{"taxonomy":"product_brand","embeddable":true,"href":"https:\/\/geabarcelona.com\/ca\/wp-json\/wp\/v2\/product_brand?post=15326"},{"taxonomy":"product_cat","embeddable":true,"href":"https:\/\/geabarcelona.com\/ca\/wp-json\/wp\/v2\/product_cat?post=15326"},{"taxonomy":"product_tag","embeddable":true,"href":"https:\/\/geabarcelona.com\/ca\/wp-json\/wp\/v2\/product_tag?post=15326"}],"curies":[{"name":"wp","href":"https:\/\/api.w.org\/{rel}","templated":true}]}}