{"id":15329,"date":"2023-12-22T14:16:53","date_gmt":"2023-12-22T13:16:53","guid":{"rendered":"https:\/\/geabarcelona.com\/producto\/obsidiana-de-mahoani\/"},"modified":"2025-11-20T13:24:06","modified_gmt":"2025-11-20T12:24:06","slug":"obsidiana-de-mahoani","status":"publish","type":"product","link":"https:\/\/geabarcelona.com\/ca\/producte\/obsidiana-de-mahoani\/","title":{"rendered":"OBSIDIANA DE MAHOANI"},"content":{"rendered":"<p>Obsidiana de Mahogany (caoba), variedad natural de obsidiana que combina tonos marrones y negros en una superficie brillante y pulida. Esta piedra volc\u00e1nica es valorada por su energ\u00eda protectora y estabilizadora, ayudando a liberar miedos y promover la fuerza interior y la conexi\u00f3n con la tierra. venta por kg.\u00bb<\/p>","protected":false},"excerpt":{"rendered":"<p>Natural, 3-4cm.<\/p>","protected":false},"featured_media":15502,"template":"","meta":[],"product_brand":[],"product_cat":[153],"product_tag":[300],"class_list":{"0":"post-15329","1":"product","2":"type-product","3":"status-publish","4":"has-post-thumbnail","6":"product_cat-catalogo","7":"product_tag-obsidiana","9":"first","10":"instock","11":"taxable","12":"shipping-taxable","13":"purchasable","14":"product-type-simple"},"_links":{"self":[{"href":"https:\/\/geabarcelona.com\/ca\/wp-json\/wp\/v2\/product\/15329","targetHints":{"allow":["GET"]}}],"collection":[{"href":"https:\/\/geabarcelona.com\/ca\/wp-json\/wp\/v2\/product"}],"about":[{"href":"https:\/\/geabarcelona.com\/ca\/wp-json\/wp\/v2\/types\/product"}],"version-history":[{"count":1,"href":"https:\/\/geabarcelona.com\/ca\/wp-json\/wp\/v2\/product\/15329\/revisions"}],"predecessor-version":[{"id":19177,"href":"https:\/\/geabarcelona.com\/ca\/wp-json\/wp\/v2\/product\/15329\/revisions\/19177"}],"wp:featuredmedia":[{"embeddable":true,"href":"https:\/\/geabarcelona.com\/ca\/wp-json\/wp\/v2\/media\/15502"}],"wp:attachment":[{"href":"https:\/\/geabarcelona.com\/ca\/wp-json\/wp\/v2\/media?parent=15329"}],"wp:term":[{"taxonomy":"product_brand","embeddable":true,"href":"https:\/\/geabarcelona.com\/ca\/wp-json\/wp\/v2\/product_brand?post=15329"},{"taxonomy":"product_cat","embeddable":true,"href":"https:\/\/geabarcelona.com\/ca\/wp-json\/wp\/v2\/product_cat?post=15329"},{"taxonomy":"product_tag","embeddable":true,"href":"https:\/\/geabarcelona.com\/ca\/wp-json\/wp\/v2\/product_tag?post=15329"}],"curies":[{"name":"wp","href":"https:\/\/api.w.org\/{rel}","templated":true}]}}