{"id":15332,"date":"2023-12-22T14:16:53","date_gmt":"2023-12-22T13:16:53","guid":{"rendered":"https:\/\/geabarcelona.com\/producto\/mica-oro\/"},"modified":"2025-12-11T13:00:51","modified_gmt":"2025-12-11T12:00:51","slug":"mica-oro","status":"publish","type":"product","link":"https:\/\/geabarcelona.com\/ca\/producte\/mica-oro\/","title":{"rendered":"MICA OR"},"content":{"rendered":"<p>La mica oro, es un mineral, caracterizada por su brillo met\u00e1lico dorado y sus l\u00e1minas flexibles y delgadas. Se encuentra com\u00fanmente en rocas metam\u00f3rficas y pegmatitas, con yacimientos importantes en Brasil, Estados Unidos y Rusia. Espiritualmente, la mica oro es apreciada por atraer energ\u00edas de prosperidad, abundancia y protecci\u00f3n, adem\u00e1s de fomentar la claridad mental y el equilibrio energ\u00e9tico. venta por kg.\u00bb<\/p>","protected":false},"excerpt":{"rendered":"<p>Natural, 3-4cm.<\/p>","protected":false},"featured_media":18047,"template":"","meta":[],"product_brand":[],"product_cat":[153,147],"product_tag":[351],"class_list":{"0":"post-15332","1":"product","2":"type-product","3":"status-publish","4":"has-post-thumbnail","6":"product_cat-catalogo","7":"product_cat-terapias-hogar","8":"product_tag-mica-oro","10":"first","11":"instock","12":"taxable","13":"shipping-taxable","14":"purchasable","15":"product-type-simple"},"_links":{"self":[{"href":"https:\/\/geabarcelona.com\/ca\/wp-json\/wp\/v2\/product\/15332","targetHints":{"allow":["GET"]}}],"collection":[{"href":"https:\/\/geabarcelona.com\/ca\/wp-json\/wp\/v2\/product"}],"about":[{"href":"https:\/\/geabarcelona.com\/ca\/wp-json\/wp\/v2\/types\/product"}],"version-history":[{"count":2,"href":"https:\/\/geabarcelona.com\/ca\/wp-json\/wp\/v2\/product\/15332\/revisions"}],"predecessor-version":[{"id":19180,"href":"https:\/\/geabarcelona.com\/ca\/wp-json\/wp\/v2\/product\/15332\/revisions\/19180"}],"wp:featuredmedia":[{"embeddable":true,"href":"https:\/\/geabarcelona.com\/ca\/wp-json\/wp\/v2\/media\/18047"}],"wp:attachment":[{"href":"https:\/\/geabarcelona.com\/ca\/wp-json\/wp\/v2\/media?parent=15332"}],"wp:term":[{"taxonomy":"product_brand","embeddable":true,"href":"https:\/\/geabarcelona.com\/ca\/wp-json\/wp\/v2\/product_brand?post=15332"},{"taxonomy":"product_cat","embeddable":true,"href":"https:\/\/geabarcelona.com\/ca\/wp-json\/wp\/v2\/product_cat?post=15332"},{"taxonomy":"product_tag","embeddable":true,"href":"https:\/\/geabarcelona.com\/ca\/wp-json\/wp\/v2\/product_tag?post=15332"}],"curies":[{"name":"wp","href":"https:\/\/api.w.org\/{rel}","templated":true}]}}