{"id":15636,"date":"2024-01-05T08:33:24","date_gmt":"2024-01-05T07:33:24","guid":{"rendered":"https:\/\/geabarcelona.com\/producto\/mandibula-mosasaurio-pequena\/"},"modified":"2025-12-10T18:13:36","modified_gmt":"2025-12-10T17:13:36","slug":"mandibula-mosasaurio-pequena","status":"publish","type":"product","link":"https:\/\/geabarcelona.com\/ca\/producto\/mandibula-mosasaurio-pequena\/","title":{"rendered":"Mand\u00edbula Mosasaurio peque\u00f1a"},"content":{"rendered":"<p>Mand\u00edbula f\u00f3sil de mosasaurio, perteneciente a uno de los reptiles marinos m\u00e1s impresionantes del per\u00edodo Cret\u00e1cico. Esta pieza \u00fanica revela detalles anat\u00f3micos y dentales que evidencian su poderosa capacidad depredadora. Ideal para coleccionistas, museos y amantes de la paleontolog\u00eda que buscan una conexi\u00f3n directa con la historia prehist\u00f3rica de la Tierra. 15-20cm\u00bb<\/p>","protected":false},"excerpt":{"rendered":"<p>Mand\u00edbula f\u00f3sil de mosasaurio, perteneciente a uno de los reptiles marinos m\u00e1s impresionantes del per\u00edodo Cret\u00e1cico. Esta pieza \u00fanica revela detalles anat\u00f3micos y dentales que evidencian su poderosa capacidad depredadora. Ideal para coleccionistas, museos y amantes de la paleontolog\u00eda que buscan una conexi\u00f3n directa con la historia prehist\u00f3rica de la Tierra. 15-20cm\u00bb<\/p>","protected":false},"featured_media":15635,"template":"","meta":[],"product_brand":[],"product_cat":[125],"product_tag":[398],"class_list":{"0":"post-15636","1":"product","2":"type-product","3":"status-publish","4":"has-post-thumbnail","6":"product_cat-fosiles","7":"product_tag-mosasaurio","9":"first","10":"instock","11":"taxable","12":"shipping-taxable","13":"purchasable","14":"product-type-simple"},"_links":{"self":[{"href":"https:\/\/geabarcelona.com\/ca\/wp-json\/wp\/v2\/product\/15636","targetHints":{"allow":["GET"]}}],"collection":[{"href":"https:\/\/geabarcelona.com\/ca\/wp-json\/wp\/v2\/product"}],"about":[{"href":"https:\/\/geabarcelona.com\/ca\/wp-json\/wp\/v2\/types\/product"}],"version-history":[{"count":2,"href":"https:\/\/geabarcelona.com\/ca\/wp-json\/wp\/v2\/product\/15636\/revisions"}],"predecessor-version":[{"id":19187,"href":"https:\/\/geabarcelona.com\/ca\/wp-json\/wp\/v2\/product\/15636\/revisions\/19187"}],"wp:featuredmedia":[{"embeddable":true,"href":"https:\/\/geabarcelona.com\/ca\/wp-json\/wp\/v2\/media\/15635"}],"wp:attachment":[{"href":"https:\/\/geabarcelona.com\/ca\/wp-json\/wp\/v2\/media?parent=15636"}],"wp:term":[{"taxonomy":"product_brand","embeddable":true,"href":"https:\/\/geabarcelona.com\/ca\/wp-json\/wp\/v2\/product_brand?post=15636"},{"taxonomy":"product_cat","embeddable":true,"href":"https:\/\/geabarcelona.com\/ca\/wp-json\/wp\/v2\/product_cat?post=15636"},{"taxonomy":"product_tag","embeddable":true,"href":"https:\/\/geabarcelona.com\/ca\/wp-json\/wp\/v2\/product_tag?post=15636"}],"curies":[{"name":"wp","href":"https:\/\/api.w.org\/{rel}","templated":true}]}}