{"id":15638,"date":"2024-01-05T08:34:39","date_gmt":"2024-01-05T07:34:39","guid":{"rendered":"https:\/\/geabarcelona.com\/producto\/coprolito\/"},"modified":"2025-11-20T13:50:58","modified_gmt":"2025-11-20T12:50:58","slug":"coprolito","status":"publish","type":"product","link":"https:\/\/geabarcelona.com\/ca\/producto\/coprolito\/","title":{"rendered":"Coprolito"},"content":{"rendered":"<p>El coprolito es una piedra fosilizada que representa excrementos prehist\u00f3ricos de animales. Su formaci\u00f3n ocurre a trav\u00e9s de la mineralizaci\u00f3n y preservaci\u00f3n en sedimentos durante millones de a\u00f1os. Aunque no es un mineral, es valorado como pieza de colecci\u00f3n y por su conexi\u00f3n con la historia antigua de la Tierra.<br \/>\n Coprolito fosil.VENTA POR KG\u00bb<\/p>","protected":false},"excerpt":{"rendered":"<p>El coprolito es una piedra fosilizada que representa excrementos prehist\u00f3ricos de animales. Su formaci\u00f3n ocurre a trav\u00e9s de la mineralizaci\u00f3n y preservaci\u00f3n en sedimentos durante millones de a\u00f1os. Aunque no es un mineral, es valorado como pieza de colecci\u00f3n y por su conexi\u00f3n con la historia antigua de la Tierra. Coprolito fosil.VENTA POR KG\u00bb<\/p>","protected":false},"featured_media":15637,"template":"","meta":[],"product_brand":[],"product_cat":[125],"product_tag":[399],"class_list":{"0":"post-15638","1":"product","2":"type-product","3":"status-publish","4":"has-post-thumbnail","6":"product_cat-fosiles","7":"product_tag-coprolito","9":"first","10":"instock","11":"taxable","12":"shipping-taxable","13":"purchasable","14":"product-type-simple"},"_links":{"self":[{"href":"https:\/\/geabarcelona.com\/ca\/wp-json\/wp\/v2\/product\/15638","targetHints":{"allow":["GET"]}}],"collection":[{"href":"https:\/\/geabarcelona.com\/ca\/wp-json\/wp\/v2\/product"}],"about":[{"href":"https:\/\/geabarcelona.com\/ca\/wp-json\/wp\/v2\/types\/product"}],"version-history":[{"count":2,"href":"https:\/\/geabarcelona.com\/ca\/wp-json\/wp\/v2\/product\/15638\/revisions"}],"predecessor-version":[{"id":19188,"href":"https:\/\/geabarcelona.com\/ca\/wp-json\/wp\/v2\/product\/15638\/revisions\/19188"}],"wp:featuredmedia":[{"embeddable":true,"href":"https:\/\/geabarcelona.com\/ca\/wp-json\/wp\/v2\/media\/15637"}],"wp:attachment":[{"href":"https:\/\/geabarcelona.com\/ca\/wp-json\/wp\/v2\/media?parent=15638"}],"wp:term":[{"taxonomy":"product_brand","embeddable":true,"href":"https:\/\/geabarcelona.com\/ca\/wp-json\/wp\/v2\/product_brand?post=15638"},{"taxonomy":"product_cat","embeddable":true,"href":"https:\/\/geabarcelona.com\/ca\/wp-json\/wp\/v2\/product_cat?post=15638"},{"taxonomy":"product_tag","embeddable":true,"href":"https:\/\/geabarcelona.com\/ca\/wp-json\/wp\/v2\/product_tag?post=15638"}],"curies":[{"name":"wp","href":"https:\/\/api.w.org\/{rel}","templated":true}]}}